{"id":9,"date":"2025-08-19T13:52:47","date_gmt":"2025-08-19T13:52:47","guid":{"rendered":"http:\/\/wp.axid-system.com\/?page_id=9"},"modified":"2025-08-26T12:47:46","modified_gmt":"2025-08-26T12:47:46","slug":"videos","status":"publish","type":"page","link":"https:\/\/www.axid-system.com\/en\/videos\/","title":{"rendered":"Videos"},"content":{"rendered":"<div data-elementor-type=\"wp-page\" data-elementor-id=\"9\" class=\"elementor elementor-9\">\n\t\t\t\t<div class=\"elementor-element elementor-element-b88c801 e-flex e-con-boxed e-con e-parent\" data-id=\"b88c801\" data-element_type=\"container\" data-e-type=\"container\">\n\t\t\t\t\t<div class=\"e-con-inner\">\n\t\t<div class=\"elementor-element elementor-element-b90dd91 e-con-full e-flex e-con e-child\" data-id=\"b90dd91\" data-element_type=\"container\" data-e-type=\"container\">\n\t\t\t\t<div class=\"elementor-element elementor-element-74b00ae elementor-widget elementor-widget-heading\" data-id=\"74b00ae\" data-element_type=\"widget\" data-e-type=\"widget\" data-widget_type=\"heading.default\">\n\t\t\t\t\t<h1 class=\"elementor-heading-title elementor-size-default\">Experience power electronics from a new perspective<\/h1>\t\t\t\t<\/div>\n\t\t\t\t<div class=\"elementor-element elementor-element-fc46ab5 elementor-align-center elementor-widget elementor-widget-button\" data-id=\"fc46ab5\" data-element_type=\"widget\" data-e-type=\"widget\" data-widget_type=\"button.default\">\n\t\t\t\t\t\t\t\t\t\t<a class=\"elementor-button elementor-button-link elementor-size-sm\" href=\"https:\/\/www.youtube.com\/@axidsystem3918\">\n\t\t\t\t\t\t<span class=\"elementor-button-content-wrapper\">\n\t\t\t\t\t\t\t\t\t<span class=\"elementor-button-text\">Watch the YouTube channel <\/span>\n\t\t\t\t\t<\/span>\n\t\t\t\t\t<\/a>\n\t\t\t\t\t\t\t\t<\/div>\n\t\t\t\t<\/div>\n\t\t\t\t\t<\/div>\n\t\t\t\t<\/div>\n\t\t<div class=\"elementor-element elementor-element-df50911 e-flex e-con-boxed e-con e-parent\" data-id=\"df50911\" data-element_type=\"container\" data-e-type=\"container\" data-settings=\"{&quot;background_background&quot;:&quot;video&quot;,&quot;background_video_link&quot;:&quot;http:\\\/\\\/axid-system.com\\\/wp-content\\\/uploads\\\/2025\\\/08\\\/Aubin_SASCrop.mp4&quot;,&quot;background_video_start&quot;:10,&quot;background_play_on_mobile&quot;:&quot;yes&quot;}\">\n\t\t\t\t\t<div class=\"e-con-inner\">\n\t\t<div class=\"elementor-background-video-container\">\n\t\t\t\t\t\t\t<video class=\"elementor-background-video-hosted\" role=\"presentation\" autoplay muted playsinline loop><\/video>\n\t\t\t\t\t<\/div><div class=\"elementor-element elementor-element-a6a30e6 e-con-full e-flex e-con e-child\" data-id=\"a6a30e6\" data-element_type=\"container\" data-e-type=\"container\">\n\t\t\t\t<div class=\"elementor-element elementor-element-070da2f elementor-widget elementor-widget-heading\" data-id=\"070da2f\" data-element_type=\"widget\" data-e-type=\"widget\" data-widget_type=\"heading.default\">\n\t\t\t\t\t<h2 class=\"elementor-heading-title elementor-size-default\"><h2 class=\"elementor-heading-title elementor-size-default elementor-inline-editing pen\" data-elementor-setting-key=\"title\" data-pen-placeholder=\"\u00c9crivez ici...\" style=\"font-style: normal;text-align: center\">Clear and accessible videos to understand our work and expertise, from the basics to the most advanced technologies<\/h2><\/h2>\t\t\t\t<\/div>\n\t\t\t\t<\/div>\n\t\t\t\t\t<\/div>\n\t\t\t\t<\/div>\n\t\t<div class=\"elementor-element elementor-element-fdf3ea1 e-flex e-con-boxed e-con e-parent\" data-id=\"fdf3ea1\" data-element_type=\"container\" data-e-type=\"container\">\n\t\t\t\t\t<div class=\"e-con-inner\">\n\t\t<div class=\"elementor-element elementor-element-48117d6 e-con-full e-flex e-con e-child\" data-id=\"48117d6\" data-element_type=\"container\" data-e-type=\"container\">\n\t\t\t\t<div class=\"elementor-element elementor-element-b359609 elementor-widget elementor-widget-spacer\" data-id=\"b359609\" data-element_type=\"widget\" data-e-type=\"widget\" data-widget_type=\"spacer.default\">\n\t\t\t\t\t\t\t<div class=\"elementor-spacer\">\n\t\t\t<div class=\"elementor-spacer-inner\"><\/div>\n\t\t<\/div>\n\t\t\t\t\t\t<\/div>\n\t\t\t\t<\/div>\n\t\t\t\t\t<\/div>\n\t\t\t\t<\/div>\n\t\t\t\t<\/div>","protected":false},"excerpt":{"rendered":"<p>D\u00e9couvrez l\u2019\u00e9lectronique de puissance autrement Voir la cha\u00eene YouTube Des vid\u00e9os claires et accessibles pour comprendre nos m\u00e9tiers et comp\u00e9tences, [&hellip;]<\/p>\n","protected":false},"author":1,"featured_media":0,"parent":0,"menu_order":0,"comment_status":"closed","ping_status":"closed","template":"","meta":{"site-sidebar-layout":"no-sidebar","site-content-layout":"page-builder","ast-site-content-layout":"full-width-container","site-content-style":"unboxed","site-sidebar-style":"unboxed","ast-global-header-display":"","ast-banner-title-visibility":"","ast-main-header-display":"","ast-hfb-above-header-display":"","ast-hfb-below-header-display":"","ast-hfb-mobile-header-display":"","site-post-title":"disabled","ast-breadcrumbs-content":"","ast-featured-img":"disabled","footer-sml-layout":"","ast-disable-related-posts":"","theme-transparent-header-meta":"","adv-header-id-meta":"","stick-header-meta":"","header-above-stick-meta":"","header-main-stick-meta":"","header-below-stick-meta":"","astra-migrate-meta-layouts":"set","ast-page-background-enabled":"default","ast-page-background-meta":{"desktop":{"background-color":"var(--ast-global-color-4)","background-image":"","background-repeat":"repeat","background-position":"center center","background-size":"auto","background-attachment":"scroll","background-type":"","background-media":"","overlay-type":"","overlay-color":"","overlay-opacity":"","overlay-gradient":""},"tablet":{"background-color":"","background-image":"","background-repeat":"repeat","background-position":"center center","background-size":"auto","background-attachment":"scroll","background-type":"","background-media":"","overlay-type":"","overlay-color":"","overlay-opacity":"","overlay-gradient":""},"mobile":{"background-color":"","background-image":"","background-repeat":"repeat","background-position":"center center","background-size":"auto","background-attachment":"scroll","background-type":"","background-media":"","overlay-type":"","overlay-color":"","overlay-opacity":"","overlay-gradient":""}},"ast-content-background-meta":{"desktop":{"background-color":"var(--ast-global-color-5)","background-image":"","background-repeat":"repeat","background-position":"center center","background-size":"auto","background-attachment":"scroll","background-type":"","background-media":"","overlay-type":"","overlay-color":"","overlay-opacity":"","overlay-gradient":""},"tablet":{"background-color":"var(--ast-global-color-5)","background-image":"","background-repeat":"repeat","background-position":"center center","background-size":"auto","background-attachment":"scroll","background-type":"","background-media":"","overlay-type":"","overlay-color":"","overlay-opacity":"","overlay-gradient":""},"mobile":{"background-color":"var(--ast-global-color-5)","background-image":"","background-repeat":"repeat","background-position":"center center","background-size":"auto","background-attachment":"scroll","background-type":"","background-media":"","overlay-type":"","overlay-color":"","overlay-opacity":"","overlay-gradient":""}},"footnotes":""},"class_list":["post-9","page","type-page","status-publish","hentry"],"yoast_head":"<!-- This site is optimized with the Yoast SEO plugin v27.5 - https:\/\/yoast.com\/product\/yoast-seo-wordpress\/ -->\n<title>Vid\u00e9os - AXID | Pr\u00e9sentations &amp; d\u00e9monstrations en \u00e9lectronique de puissance<\/title>\n<meta name=\"description\" content=\"Regardez les vid\u00e9os AXID et plongez dans l\u2019univers de l\u2019\u00e9lectronique de puissance : innovations, convertisseurs et projets industriels.\" \/>\n<meta name=\"robots\" content=\"index, follow, max-snippet:-1, max-image-preview:large, max-video-preview:-1\" \/>\n<link rel=\"canonical\" href=\"https:\/\/www.axid-system.com\/en\/videos\/\" \/>\n<meta property=\"og:locale\" content=\"en_GB\" \/>\n<meta property=\"og:type\" content=\"article\" \/>\n<meta property=\"og:title\" content=\"Vid\u00e9os - AXID | Pr\u00e9sentations &amp; d\u00e9monstrations en \u00e9lectronique de puissance\" \/>\n<meta property=\"og:description\" content=\"Regardez les vid\u00e9os AXID et plongez dans l\u2019univers de l\u2019\u00e9lectronique de puissance : innovations, convertisseurs et projets industriels.\" \/>\n<meta property=\"og:url\" content=\"https:\/\/www.axid-system.com\/en\/videos\/\" \/>\n<meta property=\"og:site_name\" content=\"AXID\" \/>\n<meta property=\"article:modified_time\" content=\"2025-08-26T12:47:46+00:00\" \/>\n<meta name=\"twitter:card\" content=\"summary_large_image\" \/>\n<meta name=\"twitter:label1\" content=\"Estimated reading time\" \/>\n\t<meta name=\"twitter:data1\" content=\"1 minute\" \/>\n<script type=\"application\/ld+json\" class=\"yoast-schema-graph\">{\"@context\":\"https:\\\/\\\/schema.org\",\"@graph\":[{\"@type\":\"WebPage\",\"@id\":\"https:\\\/\\\/www.axid-system.com\\\/videos\\\/\",\"url\":\"https:\\\/\\\/www.axid-system.com\\\/videos\\\/\",\"name\":\"Vid\u00e9os - AXID | Pr\u00e9sentations & d\u00e9monstrations en \u00e9lectronique de puissance\",\"isPartOf\":{\"@id\":\"https:\\\/\\\/www.axid-system.com\\\/#website\"},\"datePublished\":\"2025-08-19T13:52:47+00:00\",\"dateModified\":\"2025-08-26T12:47:46+00:00\",\"description\":\"Regardez les vid\u00e9os AXID et plongez dans l\u2019univers de l\u2019\u00e9lectronique de puissance : innovations, convertisseurs et projets industriels.\",\"breadcrumb\":{\"@id\":\"https:\\\/\\\/www.axid-system.com\\\/videos\\\/#breadcrumb\"},\"inLanguage\":\"en-GB\",\"potentialAction\":[{\"@type\":\"ReadAction\",\"target\":[\"https:\\\/\\\/www.axid-system.com\\\/videos\\\/\"]}]},{\"@type\":\"BreadcrumbList\",\"@id\":\"https:\\\/\\\/www.axid-system.com\\\/videos\\\/#breadcrumb\",\"itemListElement\":[{\"@type\":\"ListItem\",\"position\":1,\"name\":\"Accueil\",\"item\":\"https:\\\/\\\/www.axid-system.com\\\/\"},{\"@type\":\"ListItem\",\"position\":2,\"name\":\"Vid\u00e9os\"}]},{\"@type\":\"WebSite\",\"@id\":\"https:\\\/\\\/www.axid-system.com\\\/#website\",\"url\":\"https:\\\/\\\/www.axid-system.com\\\/\",\"name\":\"AXID\",\"description\":\"AXID, bureau d\u2019\u00e9tudes en \u00e9lectronique de puissance, d\u00e9veloppe des convertisseurs sur mesure, \u00e0 haut rendement et forte compacit\u00e9, pour l\u2019a\u00e9ronautique, l\u2019automobile et l\u2019\u00e9nergie.\",\"publisher\":{\"@id\":\"https:\\\/\\\/www.axid-system.com\\\/#organization\"},\"potentialAction\":[{\"@type\":\"SearchAction\",\"target\":{\"@type\":\"EntryPoint\",\"urlTemplate\":\"https:\\\/\\\/www.axid-system.com\\\/?s={search_term_string}\"},\"query-input\":{\"@type\":\"PropertyValueSpecification\",\"valueRequired\":true,\"valueName\":\"search_term_string\"}}],\"inLanguage\":\"en-GB\"},{\"@type\":\"Organization\",\"@id\":\"https:\\\/\\\/www.axid-system.com\\\/#organization\",\"name\":\"AXID\",\"url\":\"https:\\\/\\\/www.axid-system.com\\\/\",\"logo\":{\"@type\":\"ImageObject\",\"inLanguage\":\"en-GB\",\"@id\":\"https:\\\/\\\/www.axid-system.com\\\/#\\\/schema\\\/logo\\\/image\\\/\",\"url\":\"https:\\\/\\\/www.axid-system.com\\\/wp-content\\\/uploads\\\/2025\\\/08\\\/cropped-Logo_Axid.webp\",\"contentUrl\":\"https:\\\/\\\/www.axid-system.com\\\/wp-content\\\/uploads\\\/2025\\\/08\\\/cropped-Logo_Axid.webp\",\"width\":279,\"height\":99,\"caption\":\"AXID\"},\"image\":{\"@id\":\"https:\\\/\\\/www.axid-system.com\\\/#\\\/schema\\\/logo\\\/image\\\/\"},\"sameAs\":[\"https:\\\/\\\/fr.linkedin.com\\\/company\\\/axid\"]}]}<\/script>\n<!-- \/ Yoast SEO plugin. -->","yoast_head_json":{"title":"Vid\u00e9os - AXID | Pr\u00e9sentations & d\u00e9monstrations en \u00e9lectronique de puissance","description":"Regardez les vid\u00e9os AXID et plongez dans l\u2019univers de l\u2019\u00e9lectronique de puissance : innovations, convertisseurs et projets industriels.","robots":{"index":"index","follow":"follow","max-snippet":"max-snippet:-1","max-image-preview":"max-image-preview:large","max-video-preview":"max-video-preview:-1"},"canonical":"https:\/\/www.axid-system.com\/en\/videos\/","og_locale":"en_GB","og_type":"article","og_title":"Vid\u00e9os - AXID | Pr\u00e9sentations & d\u00e9monstrations en \u00e9lectronique de puissance","og_description":"Regardez les vid\u00e9os AXID et plongez dans l\u2019univers de l\u2019\u00e9lectronique de puissance : innovations, convertisseurs et projets industriels.","og_url":"https:\/\/www.axid-system.com\/en\/videos\/","og_site_name":"AXID","article_modified_time":"2025-08-26T12:47:46+00:00","twitter_card":"summary_large_image","twitter_misc":{"Estimated reading time":"1 minute"},"schema":{"@context":"https:\/\/schema.org","@graph":[{"@type":"WebPage","@id":"https:\/\/www.axid-system.com\/videos\/","url":"https:\/\/www.axid-system.com\/videos\/","name":"Vid\u00e9os - AXID | Pr\u00e9sentations & d\u00e9monstrations en \u00e9lectronique de puissance","isPartOf":{"@id":"https:\/\/www.axid-system.com\/#website"},"datePublished":"2025-08-19T13:52:47+00:00","dateModified":"2025-08-26T12:47:46+00:00","description":"Regardez les vid\u00e9os AXID et plongez dans l\u2019univers de l\u2019\u00e9lectronique de puissance : innovations, convertisseurs et projets industriels.","breadcrumb":{"@id":"https:\/\/www.axid-system.com\/videos\/#breadcrumb"},"inLanguage":"en-GB","potentialAction":[{"@type":"ReadAction","target":["https:\/\/www.axid-system.com\/videos\/"]}]},{"@type":"BreadcrumbList","@id":"https:\/\/www.axid-system.com\/videos\/#breadcrumb","itemListElement":[{"@type":"ListItem","position":1,"name":"Accueil","item":"https:\/\/www.axid-system.com\/"},{"@type":"ListItem","position":2,"name":"Vid\u00e9os"}]},{"@type":"WebSite","@id":"https:\/\/www.axid-system.com\/#website","url":"https:\/\/www.axid-system.com\/","name":"AXID","description":"AXID, bureau d\u2019\u00e9tudes en \u00e9lectronique de puissance, d\u00e9veloppe des convertisseurs sur mesure, \u00e0 haut rendement et forte compacit\u00e9, pour l\u2019a\u00e9ronautique, l\u2019automobile et l\u2019\u00e9nergie.","publisher":{"@id":"https:\/\/www.axid-system.com\/#organization"},"potentialAction":[{"@type":"SearchAction","target":{"@type":"EntryPoint","urlTemplate":"https:\/\/www.axid-system.com\/?s={search_term_string}"},"query-input":{"@type":"PropertyValueSpecification","valueRequired":true,"valueName":"search_term_string"}}],"inLanguage":"en-GB"},{"@type":"Organization","@id":"https:\/\/www.axid-system.com\/#organization","name":"AXID","url":"https:\/\/www.axid-system.com\/","logo":{"@type":"ImageObject","inLanguage":"en-GB","@id":"https:\/\/www.axid-system.com\/#\/schema\/logo\/image\/","url":"https:\/\/www.axid-system.com\/wp-content\/uploads\/2025\/08\/cropped-Logo_Axid.webp","contentUrl":"https:\/\/www.axid-system.com\/wp-content\/uploads\/2025\/08\/cropped-Logo_Axid.webp","width":279,"height":99,"caption":"AXID"},"image":{"@id":"https:\/\/www.axid-system.com\/#\/schema\/logo\/image\/"},"sameAs":["https:\/\/fr.linkedin.com\/company\/axid"]}]}},"_links":{"self":[{"href":"https:\/\/www.axid-system.com\/en\/wp-json\/wp\/v2\/pages\/9","targetHints":{"allow":["GET"]}}],"collection":[{"href":"https:\/\/www.axid-system.com\/en\/wp-json\/wp\/v2\/pages"}],"about":[{"href":"https:\/\/www.axid-system.com\/en\/wp-json\/wp\/v2\/types\/page"}],"author":[{"embeddable":true,"href":"https:\/\/www.axid-system.com\/en\/wp-json\/wp\/v2\/users\/1"}],"replies":[{"embeddable":true,"href":"https:\/\/www.axid-system.com\/en\/wp-json\/wp\/v2\/comments?post=9"}],"version-history":[{"count":29,"href":"https:\/\/www.axid-system.com\/en\/wp-json\/wp\/v2\/pages\/9\/revisions"}],"predecessor-version":[{"id":2932,"href":"https:\/\/www.axid-system.com\/en\/wp-json\/wp\/v2\/pages\/9\/revisions\/2932"}],"wp:attachment":[{"href":"https:\/\/www.axid-system.com\/en\/wp-json\/wp\/v2\/media?parent=9"}],"curies":[{"name":"wp","href":"https:\/\/api.w.org\/{rel}","templated":true}]}}