{"id":768,"date":"2025-08-19T09:37:23","date_gmt":"2025-08-19T09:37:23","guid":{"rendered":"http:\/\/wp.axid-system.com\/index.php\/contact\/"},"modified":"2025-08-25T13:23:31","modified_gmt":"2025-08-25T13:23:31","slug":"contact","status":"publish","type":"page","link":"https:\/\/www.axid-system.com\/en\/contact\/","title":{"rendered":"Contact"},"content":{"rendered":"<div data-elementor-type=\"wp-page\" data-elementor-id=\"768\" class=\"elementor elementor-768\">\n\t\t\t\t<div class=\"elementor-element elementor-element-1972e16 e-flex e-con-boxed e-con e-parent\" data-id=\"1972e16\" data-element_type=\"container\" data-e-type=\"container\" data-settings=\"{&quot;background_background&quot;:&quot;classic&quot;}\">\n\t\t\t\t\t<div class=\"e-con-inner\">\n\t\t\t\t<div class=\"elementor-element elementor-element-5a25de8 elementor-widget elementor-widget-google_maps\" data-id=\"5a25de8\" data-element_type=\"widget\" data-e-type=\"widget\" data-widget_type=\"google_maps.default\">\n\t\t\t\t\t\t\t<div class=\"elementor-custom-embed\">\n\t\t\t<iframe\n\t\t\t\t\tdata-src=\"https:\/\/maps.google.com\/maps?q=105%20Rte%20du%20Pin%20Montard%2C%2006410%20Biot&#038;t=m&#038;z=12&#038;output=embed&#038;iwloc=near\"\n\t\t\t\t\ttitle=\"105 Rte du Pin Montard, 06410 Biot\"\n\t\t\t\t\taria-label=\"105 Rte du Pin Montard, 06410 Biot\"\n\t\t\t src=\"data:image\/svg+xml;base64,PHN2ZyB3aWR0aD0iMSIgaGVpZ2h0PSIxIiB4bWxucz0iaHR0cDovL3d3dy53My5vcmcvMjAwMC9zdmciPjwvc3ZnPg==\" class=\"lazyload\" data-load-mode=\"1\"><\/iframe>\n\t\t<\/div>\n\t\t\t\t\t\t<\/div>\n\t\t\t\t\t<\/div>\n\t\t\t\t<\/div>\n\t\t<div class=\"elementor-element elementor-element-f5e75a4 e-flex e-con-boxed e-con e-parent\" data-id=\"f5e75a4\" data-element_type=\"container\" data-e-type=\"container\">\n\t\t\t\t\t<div class=\"e-con-inner\">\n\t\t<div class=\"elementor-element elementor-element-44f75c4 e-con-full e-flex e-con e-child\" data-id=\"44f75c4\" data-element_type=\"container\" data-e-type=\"container\">\n\t\t\t\t<div class=\"elementor-element elementor-element-2d43a9c elementor-widget elementor-widget-heading\" data-id=\"2d43a9c\" data-element_type=\"widget\" data-e-type=\"widget\" data-widget_type=\"heading.default\">\n\t\t\t\t\t<h1 class=\"elementor-heading-title elementor-size-default\">OUR CONTACTS<\/h1>\t\t\t\t<\/div>\n\t\t\t\t<div class=\"elementor-element elementor-element-d667da1 elementor-widget-divider--view-line elementor-widget elementor-widget-divider\" data-id=\"d667da1\" data-element_type=\"widget\" data-e-type=\"widget\" data-widget_type=\"divider.default\">\n\t\t\t\t\t\t\t<div class=\"elementor-divider\">\n\t\t\t<span class=\"elementor-divider-separator\">\n\t\t\t\t\t\t<\/span>\n\t\t<\/div>\n\t\t\t\t\t\t<\/div>\n\t\t\t\t<div class=\"elementor-element elementor-element-7d01b71 elementor-widget elementor-widget-spacer\" data-id=\"7d01b71\" data-element_type=\"widget\" data-e-type=\"widget\" data-widget_type=\"spacer.default\">\n\t\t\t\t\t\t\t<div class=\"elementor-spacer\">\n\t\t\t<div class=\"elementor-spacer-inner\"><\/div>\n\t\t<\/div>\n\t\t\t\t\t\t<\/div>\n\t\t\t\t<div class=\"elementor-element elementor-element-6c11fb0 elementor-widget elementor-widget-text-editor\" data-id=\"6c11fb0\" data-element_type=\"widget\" data-e-type=\"widget\" data-widget_type=\"text-editor.default\">\n\t\t\t\t\t\t\t\t\t<p><strong>Address :<\/strong><\/p><p>105, Route du Pin Montard, Les Bouillides<\/p><p>60410, BIOT,\u00a0<span style=\"background-color: #f5f5f7; font-size: 1rem;\">Sophia-Antipolis,<\/span><span style=\"font-style: inherit; font-weight: inherit;\">\u00a0FRANCE<\/span><\/p>\t\t\t\t\t\t\t\t<\/div>\n\t\t\t\t<div class=\"elementor-element elementor-element-980fd1d elementor-widget elementor-widget-spacer\" data-id=\"980fd1d\" data-element_type=\"widget\" data-e-type=\"widget\" data-widget_type=\"spacer.default\">\n\t\t\t\t\t\t\t<div class=\"elementor-spacer\">\n\t\t\t<div class=\"elementor-spacer-inner\"><\/div>\n\t\t<\/div>\n\t\t\t\t\t\t<\/div>\n\t\t\t\t<div class=\"elementor-element elementor-element-ad44093 elementor-widget elementor-widget-text-editor\" data-id=\"ad44093\" data-element_type=\"widget\" data-e-type=\"widget\" data-widget_type=\"text-editor.default\">\n\t\t\t\t\t\t\t\t\t<p><strong>Phone :<\/strong><\/p>\n<p>+33 (0)4 92 96 96 94<\/p>\t\t\t\t\t\t\t\t<\/div>\n\t\t\t\t<div class=\"elementor-element elementor-element-7622319 elementor-widget elementor-widget-spacer\" data-id=\"7622319\" data-element_type=\"widget\" data-e-type=\"widget\" data-widget_type=\"spacer.default\">\n\t\t\t\t\t\t\t<div class=\"elementor-spacer\">\n\t\t\t<div class=\"elementor-spacer-inner\"><\/div>\n\t\t<\/div>\n\t\t\t\t\t\t<\/div>\n\t\t\t\t<div class=\"elementor-element elementor-element-e9dd4ce elementor-widget elementor-widget-text-editor\" data-id=\"e9dd4ce\" data-element_type=\"widget\" data-e-type=\"widget\" data-widget_type=\"text-editor.default\">\n\t\t\t\t\t\t\t\t\t<p><strong>Email :<\/strong><\/p><p>info_axid@axid-system.com<\/p>\t\t\t\t\t\t\t\t<\/div>\n\t\t\t\t<\/div>\n\t\t<div class=\"elementor-element elementor-element-51ababe e-con-full e-flex e-con e-child\" data-id=\"51ababe\" data-element_type=\"container\" data-e-type=\"container\">\n\t\t\t\t<div class=\"elementor-element elementor-element-109d98d elementor-widget elementor-widget-image\" data-id=\"109d98d\" data-element_type=\"widget\" data-e-type=\"widget\" data-widget_type=\"image.default\">\n\t\t\t\t\t\t\t\t\t\t\t\t\t\t\t<img fetchpriority=\"high\" decoding=\"async\" width=\"600\" height=\"400\" src=\"https:\/\/www.axid-system.com\/wp-content\/uploads\/2025\/08\/electronics-4972649_1920.jpg\" class=\"attachment-full size-full wp-image-35\" alt=\"Electronics 4972649 1920\" srcset=\"https:\/\/www.axid-system.com\/wp-content\/uploads\/2025\/08\/electronics-4972649_1920.jpg 600w, https:\/\/www.axid-system.com\/wp-content\/uploads\/2025\/08\/electronics-4972649_1920-300x200.jpg 300w\" sizes=\"(max-width: 600px) 100vw, 600px\" title=\"Contact\">\t\t\t\t\t\t\t\t\t\t\t\t\t\t\t<\/div>\n\t\t\t\t<\/div>\n\t\t\t\t\t<\/div>\n\t\t\t\t<\/div>\n\t\t\t\t<\/div>","protected":false},"excerpt":{"rendered":"<p>NOS CONTACTS Adresse : 105, Route du Pin Montard, Les Bouillides 60410, BIOT,\u00a0Sophia-Antipolis,\u00a0FRANCE T\u00e9l\u00e9phone : +33 (0)4 92 96 96 [&hellip;]<\/p>\n","protected":false},"author":1,"featured_media":0,"parent":0,"menu_order":0,"comment_status":"closed","ping_status":"closed","template":"","meta":{"site-sidebar-layout":"no-sidebar","site-content-layout":"page-builder","ast-site-content-layout":"full-width-container","site-content-style":"default","site-sidebar-style":"default","ast-global-header-display":"","ast-banner-title-visibility":"","ast-main-header-display":"","ast-hfb-above-header-display":"","ast-hfb-below-header-display":"","ast-hfb-mobile-header-display":"","site-post-title":"disabled","ast-breadcrumbs-content":"","ast-featured-img":"disabled","footer-sml-layout":"","ast-disable-related-posts":"","theme-transparent-header-meta":"","adv-header-id-meta":"","stick-header-meta":"","header-above-stick-meta":"","header-main-stick-meta":"","header-below-stick-meta":"","astra-migrate-meta-layouts":"set","ast-page-background-enabled":"default","ast-page-background-meta":{"desktop":{"background-color":"var(--ast-global-color-4)","background-image":"","background-repeat":"repeat","background-position":"center center","background-size":"auto","background-attachment":"scroll","background-type":"","background-media":"","overlay-type":"","overlay-color":"","overlay-opacity":"","overlay-gradient":""},"tablet":{"background-color":"","background-image":"","background-repeat":"repeat","background-position":"center center","background-size":"auto","background-attachment":"scroll","background-type":"","background-media":"","overlay-type":"","overlay-color":"","overlay-opacity":"","overlay-gradient":""},"mobile":{"background-color":"","background-image":"","background-repeat":"repeat","background-position":"center center","background-size":"auto","background-attachment":"scroll","background-type":"","background-media":"","overlay-type":"","overlay-color":"","overlay-opacity":"","overlay-gradient":""}},"ast-content-background-meta":{"desktop":{"background-color":"var(--ast-global-color-5)","background-image":"","background-repeat":"repeat","background-position":"center center","background-size":"auto","background-attachment":"scroll","background-type":"","background-media":"","overlay-type":"","overlay-color":"","overlay-opacity":"","overlay-gradient":""},"tablet":{"background-color":"var(--ast-global-color-5)","background-image":"","background-repeat":"repeat","background-position":"center center","background-size":"auto","background-attachment":"scroll","background-type":"","background-media":"","overlay-type":"","overlay-color":"","overlay-opacity":"","overlay-gradient":""},"mobile":{"background-color":"var(--ast-global-color-5)","background-image":"","background-repeat":"repeat","background-position":"center center","background-size":"auto","background-attachment":"scroll","background-type":"","background-media":"","overlay-type":"","overlay-color":"","overlay-opacity":"","overlay-gradient":""}},"footnotes":""},"class_list":["post-768","page","type-page","status-publish","hentry"],"yoast_head":"<!-- This site is optimized with the Yoast SEO plugin v27.5 - https:\/\/yoast.com\/product\/yoast-seo-wordpress\/ -->\n<title>AXID - Contact<\/title>\n<meta name=\"description\" content=\"Contactez AXID System pour vos projets en \u00e9lectronique de puissance : conception de convertisseurs, alimentations industrielles, PFC et onduleurs. Bas\u00e9s \u00e0 Biot (Sophia Antipolis).\" \/>\n<meta name=\"robots\" content=\"index, follow, max-snippet:-1, max-image-preview:large, max-video-preview:-1\" \/>\n<link rel=\"canonical\" href=\"https:\/\/www.axid-system.com\/en\/contact\/\" \/>\n<meta property=\"og:locale\" content=\"en_GB\" \/>\n<meta property=\"og:type\" content=\"article\" \/>\n<meta property=\"og:title\" content=\"AXID - Contact\" \/>\n<meta property=\"og:description\" content=\"Contactez AXID System pour vos projets en \u00e9lectronique de puissance : conception de convertisseurs, alimentations industrielles, PFC et onduleurs. Bas\u00e9s \u00e0 Biot (Sophia Antipolis).\" \/>\n<meta property=\"og:url\" content=\"https:\/\/www.axid-system.com\/en\/contact\/\" \/>\n<meta property=\"og:site_name\" content=\"AXID\" \/>\n<meta property=\"article:modified_time\" content=\"2025-08-25T13:23:31+00:00\" \/>\n<meta property=\"og:image\" content=\"http:\/\/wp.axid-system.com\/wp-content\/uploads\/2025\/08\/electronics-4972649_1920.jpg\" \/>\n<meta name=\"twitter:card\" content=\"summary_large_image\" \/>\n<meta name=\"twitter:label1\" content=\"Estimated reading time\" \/>\n\t<meta name=\"twitter:data1\" content=\"1 minute\" \/>\n<script type=\"application\/ld+json\" class=\"yoast-schema-graph\">{\"@context\":\"https:\\\/\\\/schema.org\",\"@graph\":[{\"@type\":\"WebPage\",\"@id\":\"https:\\\/\\\/www.axid-system.com\\\/contact\\\/\",\"url\":\"https:\\\/\\\/www.axid-system.com\\\/contact\\\/\",\"name\":\"AXID - Contact\",\"isPartOf\":{\"@id\":\"https:\\\/\\\/www.axid-system.com\\\/#website\"},\"primaryImageOfPage\":{\"@id\":\"https:\\\/\\\/www.axid-system.com\\\/contact\\\/#primaryimage\"},\"image\":{\"@id\":\"https:\\\/\\\/www.axid-system.com\\\/contact\\\/#primaryimage\"},\"thumbnailUrl\":\"http:\\\/\\\/wp.axid-system.com\\\/wp-content\\\/uploads\\\/2025\\\/08\\\/electronics-4972649_1920.jpg\",\"datePublished\":\"2025-08-19T09:37:23+00:00\",\"dateModified\":\"2025-08-25T13:23:31+00:00\",\"description\":\"Contactez AXID System pour vos projets en \u00e9lectronique de puissance : conception de convertisseurs, alimentations industrielles, PFC et onduleurs. Bas\u00e9s \u00e0 Biot (Sophia Antipolis).\",\"breadcrumb\":{\"@id\":\"https:\\\/\\\/www.axid-system.com\\\/contact\\\/#breadcrumb\"},\"inLanguage\":\"en-GB\",\"potentialAction\":[{\"@type\":\"ReadAction\",\"target\":[\"https:\\\/\\\/www.axid-system.com\\\/contact\\\/\"]}]},{\"@type\":\"ImageObject\",\"inLanguage\":\"en-GB\",\"@id\":\"https:\\\/\\\/www.axid-system.com\\\/contact\\\/#primaryimage\",\"url\":\"http:\\\/\\\/wp.axid-system.com\\\/wp-content\\\/uploads\\\/2025\\\/08\\\/electronics-4972649_1920.jpg\",\"contentUrl\":\"http:\\\/\\\/wp.axid-system.com\\\/wp-content\\\/uploads\\\/2025\\\/08\\\/electronics-4972649_1920.jpg\"},{\"@type\":\"BreadcrumbList\",\"@id\":\"https:\\\/\\\/www.axid-system.com\\\/contact\\\/#breadcrumb\",\"itemListElement\":[{\"@type\":\"ListItem\",\"position\":1,\"name\":\"Accueil\",\"item\":\"https:\\\/\\\/www.axid-system.com\\\/\"},{\"@type\":\"ListItem\",\"position\":2,\"name\":\"Contact\"}]},{\"@type\":\"WebSite\",\"@id\":\"https:\\\/\\\/www.axid-system.com\\\/#website\",\"url\":\"https:\\\/\\\/www.axid-system.com\\\/\",\"name\":\"AXID\",\"description\":\"AXID, bureau d\u2019\u00e9tudes en \u00e9lectronique de puissance, d\u00e9veloppe des convertisseurs sur mesure, \u00e0 haut rendement et forte compacit\u00e9, pour l\u2019a\u00e9ronautique, l\u2019automobile et l\u2019\u00e9nergie.\",\"publisher\":{\"@id\":\"https:\\\/\\\/www.axid-system.com\\\/#organization\"},\"potentialAction\":[{\"@type\":\"SearchAction\",\"target\":{\"@type\":\"EntryPoint\",\"urlTemplate\":\"https:\\\/\\\/www.axid-system.com\\\/?s={search_term_string}\"},\"query-input\":{\"@type\":\"PropertyValueSpecification\",\"valueRequired\":true,\"valueName\":\"search_term_string\"}}],\"inLanguage\":\"en-GB\"},{\"@type\":\"Organization\",\"@id\":\"https:\\\/\\\/www.axid-system.com\\\/#organization\",\"name\":\"AXID\",\"url\":\"https:\\\/\\\/www.axid-system.com\\\/\",\"logo\":{\"@type\":\"ImageObject\",\"inLanguage\":\"en-GB\",\"@id\":\"https:\\\/\\\/www.axid-system.com\\\/#\\\/schema\\\/logo\\\/image\\\/\",\"url\":\"https:\\\/\\\/www.axid-system.com\\\/wp-content\\\/uploads\\\/2025\\\/08\\\/cropped-Logo_Axid.webp\",\"contentUrl\":\"https:\\\/\\\/www.axid-system.com\\\/wp-content\\\/uploads\\\/2025\\\/08\\\/cropped-Logo_Axid.webp\",\"width\":279,\"height\":99,\"caption\":\"AXID\"},\"image\":{\"@id\":\"https:\\\/\\\/www.axid-system.com\\\/#\\\/schema\\\/logo\\\/image\\\/\"},\"sameAs\":[\"https:\\\/\\\/fr.linkedin.com\\\/company\\\/axid\"]}]}<\/script>\n<!-- \/ Yoast SEO plugin. -->","yoast_head_json":{"title":"AXID - Contact","description":"Contactez AXID System pour vos projets en \u00e9lectronique de puissance : conception de convertisseurs, alimentations industrielles, PFC et onduleurs. Bas\u00e9s \u00e0 Biot (Sophia Antipolis).","robots":{"index":"index","follow":"follow","max-snippet":"max-snippet:-1","max-image-preview":"max-image-preview:large","max-video-preview":"max-video-preview:-1"},"canonical":"https:\/\/www.axid-system.com\/en\/contact\/","og_locale":"en_GB","og_type":"article","og_title":"AXID - Contact","og_description":"Contactez AXID System pour vos projets en \u00e9lectronique de puissance : conception de convertisseurs, alimentations industrielles, PFC et onduleurs. Bas\u00e9s \u00e0 Biot (Sophia Antipolis).","og_url":"https:\/\/www.axid-system.com\/en\/contact\/","og_site_name":"AXID","article_modified_time":"2025-08-25T13:23:31+00:00","og_image":[{"url":"http:\/\/wp.axid-system.com\/wp-content\/uploads\/2025\/08\/electronics-4972649_1920.jpg","type":"","width":"","height":""}],"twitter_card":"summary_large_image","twitter_misc":{"Estimated reading time":"1 minute"},"schema":{"@context":"https:\/\/schema.org","@graph":[{"@type":"WebPage","@id":"https:\/\/www.axid-system.com\/contact\/","url":"https:\/\/www.axid-system.com\/contact\/","name":"AXID - Contact","isPartOf":{"@id":"https:\/\/www.axid-system.com\/#website"},"primaryImageOfPage":{"@id":"https:\/\/www.axid-system.com\/contact\/#primaryimage"},"image":{"@id":"https:\/\/www.axid-system.com\/contact\/#primaryimage"},"thumbnailUrl":"http:\/\/wp.axid-system.com\/wp-content\/uploads\/2025\/08\/electronics-4972649_1920.jpg","datePublished":"2025-08-19T09:37:23+00:00","dateModified":"2025-08-25T13:23:31+00:00","description":"Contactez AXID System pour vos projets en \u00e9lectronique de puissance : conception de convertisseurs, alimentations industrielles, PFC et onduleurs. Bas\u00e9s \u00e0 Biot (Sophia Antipolis).","breadcrumb":{"@id":"https:\/\/www.axid-system.com\/contact\/#breadcrumb"},"inLanguage":"en-GB","potentialAction":[{"@type":"ReadAction","target":["https:\/\/www.axid-system.com\/contact\/"]}]},{"@type":"ImageObject","inLanguage":"en-GB","@id":"https:\/\/www.axid-system.com\/contact\/#primaryimage","url":"http:\/\/wp.axid-system.com\/wp-content\/uploads\/2025\/08\/electronics-4972649_1920.jpg","contentUrl":"http:\/\/wp.axid-system.com\/wp-content\/uploads\/2025\/08\/electronics-4972649_1920.jpg"},{"@type":"BreadcrumbList","@id":"https:\/\/www.axid-system.com\/contact\/#breadcrumb","itemListElement":[{"@type":"ListItem","position":1,"name":"Accueil","item":"https:\/\/www.axid-system.com\/"},{"@type":"ListItem","position":2,"name":"Contact"}]},{"@type":"WebSite","@id":"https:\/\/www.axid-system.com\/#website","url":"https:\/\/www.axid-system.com\/","name":"AXID","description":"AXID, bureau d\u2019\u00e9tudes en \u00e9lectronique de puissance, d\u00e9veloppe des convertisseurs sur mesure, \u00e0 haut rendement et forte compacit\u00e9, pour l\u2019a\u00e9ronautique, l\u2019automobile et l\u2019\u00e9nergie.","publisher":{"@id":"https:\/\/www.axid-system.com\/#organization"},"potentialAction":[{"@type":"SearchAction","target":{"@type":"EntryPoint","urlTemplate":"https:\/\/www.axid-system.com\/?s={search_term_string}"},"query-input":{"@type":"PropertyValueSpecification","valueRequired":true,"valueName":"search_term_string"}}],"inLanguage":"en-GB"},{"@type":"Organization","@id":"https:\/\/www.axid-system.com\/#organization","name":"AXID","url":"https:\/\/www.axid-system.com\/","logo":{"@type":"ImageObject","inLanguage":"en-GB","@id":"https:\/\/www.axid-system.com\/#\/schema\/logo\/image\/","url":"https:\/\/www.axid-system.com\/wp-content\/uploads\/2025\/08\/cropped-Logo_Axid.webp","contentUrl":"https:\/\/www.axid-system.com\/wp-content\/uploads\/2025\/08\/cropped-Logo_Axid.webp","width":279,"height":99,"caption":"AXID"},"image":{"@id":"https:\/\/www.axid-system.com\/#\/schema\/logo\/image\/"},"sameAs":["https:\/\/fr.linkedin.com\/company\/axid"]}]}},"_links":{"self":[{"href":"https:\/\/www.axid-system.com\/en\/wp-json\/wp\/v2\/pages\/768","targetHints":{"allow":["GET"]}}],"collection":[{"href":"https:\/\/www.axid-system.com\/en\/wp-json\/wp\/v2\/pages"}],"about":[{"href":"https:\/\/www.axid-system.com\/en\/wp-json\/wp\/v2\/types\/page"}],"author":[{"embeddable":true,"href":"https:\/\/www.axid-system.com\/en\/wp-json\/wp\/v2\/users\/1"}],"replies":[{"embeddable":true,"href":"https:\/\/www.axid-system.com\/en\/wp-json\/wp\/v2\/comments?post=768"}],"version-history":[{"count":30,"href":"https:\/\/www.axid-system.com\/en\/wp-json\/wp\/v2\/pages\/768\/revisions"}],"predecessor-version":[{"id":2815,"href":"https:\/\/www.axid-system.com\/en\/wp-json\/wp\/v2\/pages\/768\/revisions\/2815"}],"wp:attachment":[{"href":"https:\/\/www.axid-system.com\/en\/wp-json\/wp\/v2\/media?parent=768"}],"curies":[{"name":"wp","href":"https:\/\/api.w.org\/{rel}","templated":true}]}}