{"id":7,"date":"2025-08-19T13:43:02","date_gmt":"2025-08-19T13:43:02","guid":{"rendered":"http:\/\/wp.axid-system.com\/?page_id=7"},"modified":"2025-08-27T09:54:26","modified_gmt":"2025-08-27T09:54:26","slug":"formation","status":"publish","type":"page","link":"https:\/\/www.axid-system.com\/en\/formation\/","title":{"rendered":"Training"},"content":{"rendered":"<div data-elementor-type=\"wp-post\" data-elementor-id=\"7\" class=\"elementor elementor-7\">\n\t\t\t\t<div class=\"elementor-element elementor-element-7cdeccf e-flex e-con-boxed e-con e-parent\" data-id=\"7cdeccf\" data-element_type=\"container\" data-e-type=\"container\">\n\t\t\t\t\t<div class=\"e-con-inner\">\n\t\t<div class=\"elementor-element elementor-element-ddb2a3b e-con-full e-flex e-con e-child\" data-id=\"ddb2a3b\" data-element_type=\"container\" data-e-type=\"container\">\n\t\t\t\t<div class=\"elementor-element elementor-element-fb57f2f hero-title elementor-widget elementor-widget-heading\" data-id=\"fb57f2f\" data-element_type=\"widget\" data-e-type=\"widget\" data-widget_type=\"heading.default\">\n\t\t\t\t\t<h1 class=\"elementor-heading-title elementor-size-default\">Power electronics training,\ndirectly at your company.<span style=\"font-style: inherit\"><\/span><\/h1>\t\t\t\t<\/div>\n\t\t\t\t<div class=\"elementor-element elementor-element-6d3687b elementor-widget__width-initial hero-sub elementor-widget elementor-widget-heading\" data-id=\"6d3687b\" data-element_type=\"widget\" data-e-type=\"widget\" data-widget_type=\"heading.default\">\n\t\t\t\t\t<h2 class=\"elementor-heading-title elementor-size-default\">Concrete modules, designed by expert power electronics engineers.\nReal-case oriented and tailored to your teams.\n<span style=\"font-style: inherit\"><\/span><\/h2>\t\t\t\t<\/div>\n\t\t\t\t<div class=\"elementor-element elementor-element-02e240b elementor-widget elementor-widget-button\" data-id=\"02e240b\" data-element_type=\"widget\" data-e-type=\"widget\" data-widget_type=\"button.default\">\n\t\t\t\t\t\t\t\t\t\t<a class=\"elementor-button elementor-button-link elementor-size-sm\" href=\"\/en\/contact\/\">\n\t\t\t\t\t\t<span class=\"elementor-button-content-wrapper\">\n\t\t\t\t\t\t\t\t\t<span class=\"elementor-button-text\">Book now<\/span>\n\t\t\t\t\t<\/span>\n\t\t\t\t\t<\/a>\n\t\t\t\t\t\t\t\t<\/div>\n\t\t\t\t<\/div>\n\t\t\t\t\t<\/div>\n\t\t\t\t<\/div>\n\t\t<div class=\"elementor-element elementor-element-6dd5345 e-flex e-con-boxed e-con e-parent\" data-id=\"6dd5345\" data-element_type=\"container\" data-e-type=\"container\" data-settings=\"{&quot;background_background&quot;:&quot;classic&quot;}\">\n\t\t\t\t\t<div class=\"e-con-inner\">\n\t\t<div class=\"elementor-element elementor-element-cc77547 e-con-full e-flex e-con e-child\" data-id=\"cc77547\" data-element_type=\"container\" data-e-type=\"container\" data-settings=\"{&quot;background_background&quot;:&quot;classic&quot;}\">\n\t\t<div class=\"elementor-element elementor-element-4cebe3d e-con-full e-flex e-con e-child\" data-id=\"4cebe3d\" data-element_type=\"container\" data-e-type=\"container\">\n\t\t\t\t<div class=\"elementor-element elementor-element-949c622 elementor-widget elementor-widget-heading\" data-id=\"949c622\" data-element_type=\"widget\" data-e-type=\"widget\" data-widget_type=\"heading.default\">\n\t\t\t\t\t<span class=\"elementor-heading-title elementor-size-default\">Expertise in power electronics<\/span>\t\t\t\t<\/div>\n\t\t\t\t<div class=\"elementor-element elementor-element-e1aadc7 elementor-widget elementor-widget-icon-box\" data-id=\"e1aadc7\" data-element_type=\"widget\" data-e-type=\"widget\" data-widget_type=\"icon-box.default\">\n\t\t\t\t\t\t\t<div class=\"elementor-icon-box-wrapper\">\n\n\t\t\t\n\t\t\t\t\t\t<div class=\"elementor-icon-box-content\">\n\n\t\t\t\t\t\t\t\t\t<h2 class=\"elementor-icon-box-title\">\n\t\t\t\t\t\t<span  >\n\t\t\t\t\t\t\tYou will discover \t\t\t\t\t\t<\/span>\n\t\t\t\t\t<\/h2>\n\t\t\t\t\n\t\t\t\t\t\t\t\t\t<p class=\"elementor-icon-box-description\">\n\t\t\t\t\t\tAxid offers an intensive power electronics training program, led by Roland d\u2019Authier, senior engineer and recognized expert in the field.\n\nOver the course of 2 days, this training will help your teams strengthen their skills and gain a deeper understanding of the technologies and components used in energy conversion systems.<br><br><span style=\"font-style: inherit;font-weight: inherit\">Beyond the technical aspects, Roland will also share his practical <\/span><strong data-start=\"925\" data-end=\"958\" style=\"font-style: inherit\">insights and passion for power electronics<\/strong><span style=\"font-style: inherit;font-weight: inherit\"> through real-world examples and feedback from numerous industrial projects.<\/span><br>\n<span style=\"font-style: inherit;font-weight: inherit\">This training is intended for engineers, technicians, and managers who want to better understand, design, and optimize power converters.<\/span>\t\t\t\t\t<\/p>\n\t\t\t\t\n\t\t\t<\/div>\n\t\t\t\n\t\t<\/div>\n\t\t\t\t\t\t<\/div>\n\t\t\t\t<\/div>\n\t\t<div class=\"elementor-element elementor-element-58c9168 e-con-full e-flex e-con e-child\" data-id=\"58c9168\" data-element_type=\"container\" data-e-type=\"container\">\n\t\t<div class=\"elementor-element elementor-element-87af524 e-con-full e-flex e-con e-child\" data-id=\"87af524\" data-element_type=\"container\" data-e-type=\"container\" data-settings=\"{&quot;background_background&quot;:&quot;classic&quot;}\">\n\t\t\t\t<div class=\"elementor-element elementor-element-de54840 elementor-widget elementor-widget-icon-box\" data-id=\"de54840\" data-element_type=\"widget\" data-e-type=\"widget\" data-widget_type=\"icon-box.default\">\n\t\t\t\t\t\t\t<div class=\"elementor-icon-box-wrapper\">\n\n\t\t\t\n\t\t\t\t\t\t<div class=\"elementor-icon-box-content\">\n\n\t\t\t\t\t\t\t\t\t<h3 class=\"elementor-icon-box-title\">\n\t\t\t\t\t\t<span  >\n\t\t\t\t\t\t\tTopologies\t\t\t\t\t\t<\/span>\n\t\t\t\t\t<\/h3>\n\t\t\t\t\n\t\t\t\t\t\t\t\t\t<p class=\"elementor-icon-box-description\">\n\t\t\t\t\t\tBuck, Boost, Cuk, LLC, DAB, FlyBack ...\t\t\t\t\t<\/p>\n\t\t\t\t\n\t\t\t<\/div>\n\t\t\t\n\t\t<\/div>\n\t\t\t\t\t\t<\/div>\n\t\t\t\t<\/div>\n\t\t<div class=\"elementor-element elementor-element-feacf54 e-con-full e-flex e-con e-child\" data-id=\"feacf54\" data-element_type=\"container\" data-e-type=\"container\" data-settings=\"{&quot;background_background&quot;:&quot;classic&quot;}\">\n\t\t\t\t<div class=\"elementor-element elementor-element-55829ce elementor-widget elementor-widget-icon-box\" data-id=\"55829ce\" data-element_type=\"widget\" data-e-type=\"widget\" data-widget_type=\"icon-box.default\">\n\t\t\t\t\t\t\t<div class=\"elementor-icon-box-wrapper\">\n\n\t\t\t\n\t\t\t\t\t\t<div class=\"elementor-icon-box-content\">\n\n\t\t\t\t\t\t\t\t\t<h3 class=\"elementor-icon-box-title\">\n\t\t\t\t\t\t<span  >\n\t\t\t\t\t\t\tTransistor technologies\t\t\t\t\t\t<\/span>\n\t\t\t\t\t<\/h3>\n\t\t\t\t\n\t\t\t\t\t\t\t\t\t<p class=\"elementor-icon-box-description\">\n\t\t\t\t\t\tGaN, Sic, MOSFET, IGBT ...\t\t\t\t\t<\/p>\n\t\t\t\t\n\t\t\t<\/div>\n\t\t\t\n\t\t<\/div>\n\t\t\t\t\t\t<\/div>\n\t\t\t\t<\/div>\n\t\t<div class=\"elementor-element elementor-element-a284141 e-con-full e-flex e-con e-child\" data-id=\"a284141\" data-element_type=\"container\" data-e-type=\"container\" data-settings=\"{&quot;background_background&quot;:&quot;classic&quot;}\">\n\t\t\t\t<div class=\"elementor-element elementor-element-b845f09 elementor-widget elementor-widget-icon-box\" data-id=\"b845f09\" data-element_type=\"widget\" data-e-type=\"widget\" data-widget_type=\"icon-box.default\">\n\t\t\t\t\t\t\t<div class=\"elementor-icon-box-wrapper\">\n\n\t\t\t\n\t\t\t\t\t\t<div class=\"elementor-icon-box-content\">\n\n\t\t\t\t\t\t\t\t\t<h3 class=\"elementor-icon-box-title\">\n\t\t\t\t\t\t<span  >\n\t\t\t\t\t\t\tEssential passive components\t\t\t\t\t\t<\/span>\n\t\t\t\t\t<\/h3>\n\t\t\t\t\n\t\t\t\t\t\t\t\t\t<p class=\"elementor-icon-box-description\">\n\t\t\t\t\t\tCapacitors, Inductors, Transformers\t\t\t\t\t<\/p>\n\t\t\t\t\n\t\t\t<\/div>\n\t\t\t\n\t\t<\/div>\n\t\t\t\t\t\t<\/div>\n\t\t\t\t<\/div>\n\t\t\t\t<\/div>\n\t\t\t\t<\/div>\n\t\t\t\t\t<\/div>\n\t\t\t\t<\/div>\n\t\t<div class=\"elementor-element elementor-element-5fa685f e-flex e-con-boxed e-con e-parent\" data-id=\"5fa685f\" data-element_type=\"container\" data-e-type=\"container\" data-settings=\"{&quot;background_background&quot;:&quot;classic&quot;}\">\n\t\t\t\t\t<div class=\"e-con-inner\">\n\t\t\t\t<div class=\"elementor-element elementor-element-ece65fd elementor-widget elementor-widget-video\" data-id=\"ece65fd\" data-element_type=\"widget\" data-e-type=\"widget\" data-settings=\"{&quot;youtube_url&quot;:&quot;https:\\\/\\\/youtu.be\\\/eVzxwd9TUFg?si=fqzjWRAgUlG6bY4i&quot;,&quot;video_type&quot;:&quot;youtube&quot;,&quot;controls&quot;:&quot;yes&quot;}\" data-widget_type=\"video.default\">\n\t\t\t\t\t\t\t<div class=\"elementor-wrapper elementor-open-inline\">\n\t\t\t<div class=\"elementor-video\"><\/div>\t\t<\/div>\n\t\t\t\t\t\t<\/div>\n\t\t\t\t\t<\/div>\n\t\t\t\t<\/div>\n\t\t\t\t<\/div>","protected":false},"excerpt":{"rendered":"<p>Formations en \u00e9lectronique de puissance, directement dans votre entreprise. Des modules concrets, con\u00e7us par des ing\u00e9nieurs experts en \u00e9lectronique de [&hellip;]<\/p>\n","protected":false},"author":1,"featured_media":0,"parent":0,"menu_order":0,"comment_status":"closed","ping_status":"closed","template":"elementor_header_footer","meta":{"site-sidebar-layout":"no-sidebar","site-content-layout":"page-builder","ast-site-content-layout":"full-width-container","site-content-style":"default","site-sidebar-style":"default","ast-global-header-display":"","ast-banner-title-visibility":"","ast-main-header-display":"","ast-hfb-above-header-display":"","ast-hfb-below-header-display":"","ast-hfb-mobile-header-display":"","site-post-title":"","ast-breadcrumbs-content":"","ast-featured-img":"disabled","footer-sml-layout":"","ast-disable-related-posts":"","theme-transparent-header-meta":"","adv-header-id-meta":"","stick-header-meta":"","header-above-stick-meta":"","header-main-stick-meta":"","header-below-stick-meta":"","astra-migrate-meta-layouts":"set","ast-page-background-enabled":"default","ast-page-background-meta":{"desktop":{"background-color":"var(--ast-global-color-4)","background-image":"","background-repeat":"repeat","background-position":"center center","background-size":"auto","background-attachment":"scroll","background-type":"","background-media":"","overlay-type":"","overlay-color":"","overlay-opacity":"","overlay-gradient":""},"tablet":{"background-color":"","background-image":"","background-repeat":"repeat","background-position":"center center","background-size":"auto","background-attachment":"scroll","background-type":"","background-media":"","overlay-type":"","overlay-color":"","overlay-opacity":"","overlay-gradient":""},"mobile":{"background-color":"","background-image":"","background-repeat":"repeat","background-position":"center center","background-size":"auto","background-attachment":"scroll","background-type":"","background-media":"","overlay-type":"","overlay-color":"","overlay-opacity":"","overlay-gradient":""}},"ast-content-background-meta":{"desktop":{"background-color":"var(--ast-global-color-5)","background-image":"","background-repeat":"repeat","background-position":"center center","background-size":"auto","background-attachment":"scroll","background-type":"","background-media":"","overlay-type":"","overlay-color":"","overlay-opacity":"","overlay-gradient":""},"tablet":{"background-color":"var(--ast-global-color-5)","background-image":"","background-repeat":"repeat","background-position":"center center","background-size":"auto","background-attachment":"scroll","background-type":"","background-media":"","overlay-type":"","overlay-color":"","overlay-opacity":"","overlay-gradient":""},"mobile":{"background-color":"var(--ast-global-color-5)","background-image":"","background-repeat":"repeat","background-position":"center center","background-size":"auto","background-attachment":"scroll","background-type":"","background-media":"","overlay-type":"","overlay-color":"","overlay-opacity":"","overlay-gradient":""}},"footnotes":""},"class_list":["post-7","page","type-page","status-publish","hentry"],"yoast_head":"<!-- This site is optimized with the Yoast SEO plugin v27.5 - https:\/\/yoast.com\/product\/yoast-seo-wordpress\/ -->\n<title>Formation - AXID | Expertise en \u00e9lectronique de puissance et convertisseurs<\/title>\n<meta name=\"description\" content=\"Formation AXID : apprenez l\u2019\u00e9lectronique de puissance avec nos experts. Sessions d\u00e9di\u00e9es aux convertisseurs AC\/DC, DC\/DC et applications industrielles.\" \/>\n<meta name=\"robots\" content=\"index, follow, max-snippet:-1, max-image-preview:large, max-video-preview:-1\" \/>\n<link rel=\"canonical\" href=\"https:\/\/www.axid-system.com\/en\/formation\/\" \/>\n<meta property=\"og:locale\" content=\"en_GB\" \/>\n<meta property=\"og:type\" content=\"article\" \/>\n<meta property=\"og:title\" content=\"Formation - AXID | Expertise en \u00e9lectronique de puissance et convertisseurs\" \/>\n<meta property=\"og:description\" content=\"Formation AXID : apprenez l\u2019\u00e9lectronique de puissance avec nos experts. Sessions d\u00e9di\u00e9es aux convertisseurs AC\/DC, DC\/DC et applications industrielles.\" \/>\n<meta property=\"og:url\" content=\"https:\/\/www.axid-system.com\/en\/formation\/\" \/>\n<meta property=\"og:site_name\" content=\"AXID\" \/>\n<meta property=\"article:modified_time\" content=\"2025-08-27T09:54:26+00:00\" \/>\n<meta name=\"twitter:card\" content=\"summary_large_image\" \/>\n<meta name=\"twitter:label1\" content=\"Estimated reading time\" \/>\n\t<meta name=\"twitter:data1\" content=\"1 minute\" \/>\n<script type=\"application\/ld+json\" class=\"yoast-schema-graph\">{\"@context\":\"https:\\\/\\\/schema.org\",\"@graph\":[{\"@type\":\"WebPage\",\"@id\":\"https:\\\/\\\/www.axid-system.com\\\/formation\\\/\",\"url\":\"https:\\\/\\\/www.axid-system.com\\\/formation\\\/\",\"name\":\"Formation - AXID | Expertise en \u00e9lectronique de puissance et convertisseurs\",\"isPartOf\":{\"@id\":\"https:\\\/\\\/www.axid-system.com\\\/#website\"},\"datePublished\":\"2025-08-19T13:43:02+00:00\",\"dateModified\":\"2025-08-27T09:54:26+00:00\",\"description\":\"Formation AXID : apprenez l\u2019\u00e9lectronique de puissance avec nos experts. Sessions d\u00e9di\u00e9es aux convertisseurs AC\\\/DC, DC\\\/DC et applications industrielles.\",\"breadcrumb\":{\"@id\":\"https:\\\/\\\/www.axid-system.com\\\/formation\\\/#breadcrumb\"},\"inLanguage\":\"en-GB\",\"potentialAction\":[{\"@type\":\"ReadAction\",\"target\":[\"https:\\\/\\\/www.axid-system.com\\\/formation\\\/\"]}]},{\"@type\":\"BreadcrumbList\",\"@id\":\"https:\\\/\\\/www.axid-system.com\\\/formation\\\/#breadcrumb\",\"itemListElement\":[{\"@type\":\"ListItem\",\"position\":1,\"name\":\"Accueil\",\"item\":\"https:\\\/\\\/www.axid-system.com\\\/\"},{\"@type\":\"ListItem\",\"position\":2,\"name\":\"Formation\"}]},{\"@type\":\"WebSite\",\"@id\":\"https:\\\/\\\/www.axid-system.com\\\/#website\",\"url\":\"https:\\\/\\\/www.axid-system.com\\\/\",\"name\":\"AXID\",\"description\":\"AXID, bureau d\u2019\u00e9tudes en \u00e9lectronique de puissance, d\u00e9veloppe des convertisseurs sur mesure, \u00e0 haut rendement et forte compacit\u00e9, pour l\u2019a\u00e9ronautique, l\u2019automobile et l\u2019\u00e9nergie.\",\"publisher\":{\"@id\":\"https:\\\/\\\/www.axid-system.com\\\/#organization\"},\"potentialAction\":[{\"@type\":\"SearchAction\",\"target\":{\"@type\":\"EntryPoint\",\"urlTemplate\":\"https:\\\/\\\/www.axid-system.com\\\/?s={search_term_string}\"},\"query-input\":{\"@type\":\"PropertyValueSpecification\",\"valueRequired\":true,\"valueName\":\"search_term_string\"}}],\"inLanguage\":\"en-GB\"},{\"@type\":\"Organization\",\"@id\":\"https:\\\/\\\/www.axid-system.com\\\/#organization\",\"name\":\"AXID\",\"url\":\"https:\\\/\\\/www.axid-system.com\\\/\",\"logo\":{\"@type\":\"ImageObject\",\"inLanguage\":\"en-GB\",\"@id\":\"https:\\\/\\\/www.axid-system.com\\\/#\\\/schema\\\/logo\\\/image\\\/\",\"url\":\"https:\\\/\\\/www.axid-system.com\\\/wp-content\\\/uploads\\\/2025\\\/08\\\/cropped-Logo_Axid.webp\",\"contentUrl\":\"https:\\\/\\\/www.axid-system.com\\\/wp-content\\\/uploads\\\/2025\\\/08\\\/cropped-Logo_Axid.webp\",\"width\":279,\"height\":99,\"caption\":\"AXID\"},\"image\":{\"@id\":\"https:\\\/\\\/www.axid-system.com\\\/#\\\/schema\\\/logo\\\/image\\\/\"},\"sameAs\":[\"https:\\\/\\\/fr.linkedin.com\\\/company\\\/axid\"]}]}<\/script>\n<!-- \/ Yoast SEO plugin. -->","yoast_head_json":{"title":"Formation - AXID | Expertise en \u00e9lectronique de puissance et convertisseurs","description":"Formation AXID : apprenez l\u2019\u00e9lectronique de puissance avec nos experts. Sessions d\u00e9di\u00e9es aux convertisseurs AC\/DC, DC\/DC et applications industrielles.","robots":{"index":"index","follow":"follow","max-snippet":"max-snippet:-1","max-image-preview":"max-image-preview:large","max-video-preview":"max-video-preview:-1"},"canonical":"https:\/\/www.axid-system.com\/en\/formation\/","og_locale":"en_GB","og_type":"article","og_title":"Formation - AXID | Expertise en \u00e9lectronique de puissance et convertisseurs","og_description":"Formation AXID : apprenez l\u2019\u00e9lectronique de puissance avec nos experts. Sessions d\u00e9di\u00e9es aux convertisseurs AC\/DC, DC\/DC et applications industrielles.","og_url":"https:\/\/www.axid-system.com\/en\/formation\/","og_site_name":"AXID","article_modified_time":"2025-08-27T09:54:26+00:00","twitter_card":"summary_large_image","twitter_misc":{"Estimated reading time":"1 minute"},"schema":{"@context":"https:\/\/schema.org","@graph":[{"@type":"WebPage","@id":"https:\/\/www.axid-system.com\/formation\/","url":"https:\/\/www.axid-system.com\/formation\/","name":"Formation - AXID | Expertise en \u00e9lectronique de puissance et convertisseurs","isPartOf":{"@id":"https:\/\/www.axid-system.com\/#website"},"datePublished":"2025-08-19T13:43:02+00:00","dateModified":"2025-08-27T09:54:26+00:00","description":"Formation AXID : apprenez l\u2019\u00e9lectronique de puissance avec nos experts. Sessions d\u00e9di\u00e9es aux convertisseurs AC\/DC, DC\/DC et applications industrielles.","breadcrumb":{"@id":"https:\/\/www.axid-system.com\/formation\/#breadcrumb"},"inLanguage":"en-GB","potentialAction":[{"@type":"ReadAction","target":["https:\/\/www.axid-system.com\/formation\/"]}]},{"@type":"BreadcrumbList","@id":"https:\/\/www.axid-system.com\/formation\/#breadcrumb","itemListElement":[{"@type":"ListItem","position":1,"name":"Accueil","item":"https:\/\/www.axid-system.com\/"},{"@type":"ListItem","position":2,"name":"Formation"}]},{"@type":"WebSite","@id":"https:\/\/www.axid-system.com\/#website","url":"https:\/\/www.axid-system.com\/","name":"AXID","description":"AXID, bureau d\u2019\u00e9tudes en \u00e9lectronique de puissance, d\u00e9veloppe des convertisseurs sur mesure, \u00e0 haut rendement et forte compacit\u00e9, pour l\u2019a\u00e9ronautique, l\u2019automobile et l\u2019\u00e9nergie.","publisher":{"@id":"https:\/\/www.axid-system.com\/#organization"},"potentialAction":[{"@type":"SearchAction","target":{"@type":"EntryPoint","urlTemplate":"https:\/\/www.axid-system.com\/?s={search_term_string}"},"query-input":{"@type":"PropertyValueSpecification","valueRequired":true,"valueName":"search_term_string"}}],"inLanguage":"en-GB"},{"@type":"Organization","@id":"https:\/\/www.axid-system.com\/#organization","name":"AXID","url":"https:\/\/www.axid-system.com\/","logo":{"@type":"ImageObject","inLanguage":"en-GB","@id":"https:\/\/www.axid-system.com\/#\/schema\/logo\/image\/","url":"https:\/\/www.axid-system.com\/wp-content\/uploads\/2025\/08\/cropped-Logo_Axid.webp","contentUrl":"https:\/\/www.axid-system.com\/wp-content\/uploads\/2025\/08\/cropped-Logo_Axid.webp","width":279,"height":99,"caption":"AXID"},"image":{"@id":"https:\/\/www.axid-system.com\/#\/schema\/logo\/image\/"},"sameAs":["https:\/\/fr.linkedin.com\/company\/axid"]}]}},"_links":{"self":[{"href":"https:\/\/www.axid-system.com\/en\/wp-json\/wp\/v2\/pages\/7","targetHints":{"allow":["GET"]}}],"collection":[{"href":"https:\/\/www.axid-system.com\/en\/wp-json\/wp\/v2\/pages"}],"about":[{"href":"https:\/\/www.axid-system.com\/en\/wp-json\/wp\/v2\/types\/page"}],"author":[{"embeddable":true,"href":"https:\/\/www.axid-system.com\/en\/wp-json\/wp\/v2\/users\/1"}],"replies":[{"embeddable":true,"href":"https:\/\/www.axid-system.com\/en\/wp-json\/wp\/v2\/comments?post=7"}],"version-history":[{"count":41,"href":"https:\/\/www.axid-system.com\/en\/wp-json\/wp\/v2\/pages\/7\/revisions"}],"predecessor-version":[{"id":3030,"href":"https:\/\/www.axid-system.com\/en\/wp-json\/wp\/v2\/pages\/7\/revisions\/3030"}],"wp:attachment":[{"href":"https:\/\/www.axid-system.com\/en\/wp-json\/wp\/v2\/media?parent=7"}],"curies":[{"name":"wp","href":"https:\/\/api.w.org\/{rel}","templated":true}]}}