{"id":2647,"date":"2025-08-25T07:40:45","date_gmt":"2025-08-25T07:40:45","guid":{"rendered":"https:\/\/wp.axid-system.com\/?page_id=2647"},"modified":"2025-08-25T14:03:58","modified_gmt":"2025-08-25T14:03:58","slug":"mentions-legales","status":"publish","type":"page","link":"https:\/\/www.axid-system.com\/en\/mentions-legales\/","title":{"rendered":"Legal Notice"},"content":{"rendered":"<div data-elementor-type=\"wp-page\" data-elementor-id=\"2647\" class=\"elementor elementor-2647\">\n\t\t\t\t<div class=\"elementor-element elementor-element-e0eabd2 e-flex e-con-boxed e-con e-parent\" data-id=\"e0eabd2\" data-element_type=\"container\" data-e-type=\"container\">\n\t\t\t\t\t<div class=\"e-con-inner\">\n\t\t\t\t<div class=\"elementor-element elementor-element-e5bedef elementor-widget elementor-widget-heading\" data-id=\"e5bedef\" data-element_type=\"widget\" data-e-type=\"widget\" data-widget_type=\"heading.default\">\n\t\t\t\t\t<h1 class=\"elementor-heading-title elementor-size-default\"><h2 data-elementor-setting-key=\"title\" data-pen-placeholder=\"\u00c9crivez ici...\" style=\"font-style: normal;text-align: left\">Legal Notice and Terms of Use (ToU)<span style=\"font-size: 50px;font-style: inherit;text-align: center\"><\/span><\/h2><\/h1>\t\t\t\t<\/div>\n\t\t\t\t\t<\/div>\n\t\t\t\t<\/div>\n\t\t<div class=\"elementor-element elementor-element-7128613 e-flex e-con-boxed e-con e-parent\" data-id=\"7128613\" data-element_type=\"container\" data-e-type=\"container\" data-settings=\"{&quot;background_background&quot;:&quot;classic&quot;}\">\n\t\t\t\t\t<div class=\"e-con-inner\">\n\t\t<div class=\"elementor-element elementor-element-91c7dd4 e-con-full e-flex e-con e-child\" data-id=\"91c7dd4\" data-element_type=\"container\" data-e-type=\"container\">\n\t\t\t\t<div class=\"elementor-element elementor-element-cf36fcb elementor-widget elementor-widget-text-editor\" data-id=\"cf36fcb\" data-element_type=\"widget\" data-e-type=\"widget\" data-widget_type=\"text-editor.default\">\n\t\t\t\t\t\t\t\t\t<p>In accordance with international conventions on intellectual property, this work is protected.<\/p>\t\t\t\t\t\t\t\t<\/div>\n\t\t\t\t<div class=\"elementor-element elementor-element-4f96cd3 elementor-widget elementor-widget-text-editor\" data-id=\"4f96cd3\" data-element_type=\"widget\" data-e-type=\"widget\" data-widget_type=\"text-editor.default\">\n\t\t\t\t\t\t\t\t\t<p><strong>1. Person responsible for the website content:<\/strong><\/p><ul><li>Company name: AXID SAS<\/li><li>Registered office: 105 PIN MONTARD, 06410 BIOT<\/li><li>Phone: +33 492 969 694<\/li><li>Share capital: \u20ac15,000<\/li><li>RCS : Antibes B 520 781 774<\/li><li>N\u00b0 TVA : FR90 520 781 774<\/li><li>APE : 7112B<\/li><\/ul><p>This site is subject to French law.<\/p><p>\u00a0<\/p><p><strong>2. Publication Director:<\/strong><\/p><p>Roland D\u2019Authier, AXID SAS Director<\/p><p>\u00a0<\/p><p><strong>3. Website hosting:<\/strong><\/p><ul><li>Company name : OVHcloud<\/li><li>Registered office : 2 rue Kellermann, 59100 ROUBAIX, France<\/li><\/ul><p><strong>4. reCAPTCHA :<\/strong><\/p><p>This site integrates Google Inc.'s reCAPTCHA version 3 service; the use of this feature is subject to Google's Privacy Policy and Terms of Service.<\/p>\t\t\t\t\t\t\t\t<\/div>\n\t\t\t\t<div class=\"elementor-element elementor-element-ef8b65a elementor-widget elementor-widget-spacer\" data-id=\"ef8b65a\" data-element_type=\"widget\" data-e-type=\"widget\" data-widget_type=\"spacer.default\">\n\t\t\t\t\t\t\t<div class=\"elementor-spacer\">\n\t\t\t<div class=\"elementor-spacer-inner\"><\/div>\n\t\t<\/div>\n\t\t\t\t\t\t<\/div>\n\t\t\t\t<\/div>\n\t\t\t\t\t<\/div>\n\t\t\t\t<\/div>\n\t\t\t\t<\/div>","protected":false},"excerpt":{"rendered":"<p>Mentions L\u00e9gales et Conditions g\u00e9n\u00e9rales d&rsquo;utilisation (CGU) Conform\u00e9ment aux conventions internationales relatives \u00e0 la propri\u00e9t\u00e9 intellectuelle, cette oeuvre est prot\u00e9g\u00e9e. [&hellip;]<\/p>\n","protected":false},"author":1,"featured_media":0,"parent":0,"menu_order":0,"comment_status":"closed","ping_status":"closed","template":"","meta":{"site-sidebar-layout":"no-sidebar","site-content-layout":"page-builder","ast-site-content-layout":"full-width-container","site-content-style":"unboxed","site-sidebar-style":"unboxed","ast-global-header-display":"","ast-banner-title-visibility":"","ast-main-header-display":"","ast-hfb-above-header-display":"","ast-hfb-below-header-display":"","ast-hfb-mobile-header-display":"","site-post-title":"disabled","ast-breadcrumbs-content":"","ast-featured-img":"disabled","footer-sml-layout":"","ast-disable-related-posts":"","theme-transparent-header-meta":"","adv-header-id-meta":"","stick-header-meta":"","header-above-stick-meta":"","header-main-stick-meta":"","header-below-stick-meta":"","astra-migrate-meta-layouts":"set","ast-page-background-enabled":"default","ast-page-background-meta":{"desktop":{"background-color":"var(--ast-global-color-4)","background-image":"","background-repeat":"repeat","background-position":"center center","background-size":"auto","background-attachment":"scroll","background-type":"","background-media":"","overlay-type":"","overlay-color":"","overlay-opacity":"","overlay-gradient":""},"tablet":{"background-color":"","background-image":"","background-repeat":"repeat","background-position":"center center","background-size":"auto","background-attachment":"scroll","background-type":"","background-media":"","overlay-type":"","overlay-color":"","overlay-opacity":"","overlay-gradient":""},"mobile":{"background-color":"","background-image":"","background-repeat":"repeat","background-position":"center center","background-size":"auto","background-attachment":"scroll","background-type":"","background-media":"","overlay-type":"","overlay-color":"","overlay-opacity":"","overlay-gradient":""}},"ast-content-background-meta":{"desktop":{"background-color":"var(--ast-global-color-5)","background-image":"","background-repeat":"repeat","background-position":"center center","background-size":"auto","background-attachment":"scroll","background-type":"","background-media":"","overlay-type":"","overlay-color":"","overlay-opacity":"","overlay-gradient":""},"tablet":{"background-color":"var(--ast-global-color-5)","background-image":"","background-repeat":"repeat","background-position":"center center","background-size":"auto","background-attachment":"scroll","background-type":"","background-media":"","overlay-type":"","overlay-color":"","overlay-opacity":"","overlay-gradient":""},"mobile":{"background-color":"var(--ast-global-color-5)","background-image":"","background-repeat":"repeat","background-position":"center center","background-size":"auto","background-attachment":"scroll","background-type":"","background-media":"","overlay-type":"","overlay-color":"","overlay-opacity":"","overlay-gradient":""}},"footnotes":""},"class_list":["post-2647","page","type-page","status-publish","hentry"],"yoast_head":"<!-- This site is optimized with the Yoast SEO plugin v27.4 - https:\/\/yoast.com\/product\/yoast-seo-wordpress\/ -->\n<title>Mentions l\u00e9gales - AXID<\/title>\n<meta name=\"description\" content=\"Consultez les mentions l\u00e9gales du site AXID System : informations l\u00e9gales, \u00e9diteur, h\u00e9bergeur et conditions d\u2019utilisation conform\u00e9ment \u00e0 la r\u00e9glementation en vigueur.\" \/>\n<meta name=\"robots\" content=\"index, follow, max-snippet:-1, max-image-preview:large, max-video-preview:-1\" \/>\n<link rel=\"canonical\" href=\"https:\/\/www.axid-system.com\/en\/mentions-legales\/\" \/>\n<meta property=\"og:locale\" content=\"en_GB\" \/>\n<meta property=\"og:type\" content=\"article\" \/>\n<meta property=\"og:title\" content=\"Mentions l\u00e9gales - AXID\" \/>\n<meta property=\"og:description\" content=\"Consultez les mentions l\u00e9gales du site AXID System : informations l\u00e9gales, \u00e9diteur, h\u00e9bergeur et conditions d\u2019utilisation conform\u00e9ment \u00e0 la r\u00e9glementation en vigueur.\" \/>\n<meta property=\"og:url\" content=\"https:\/\/www.axid-system.com\/en\/mentions-legales\/\" \/>\n<meta property=\"og:site_name\" content=\"AXID\" \/>\n<meta property=\"article:modified_time\" content=\"2025-08-25T14:03:58+00:00\" \/>\n<meta name=\"twitter:card\" content=\"summary_large_image\" \/>\n<meta name=\"twitter:label1\" content=\"Estimated reading time\" \/>\n\t<meta name=\"twitter:data1\" content=\"1 minute\" \/>\n<script type=\"application\/ld+json\" class=\"yoast-schema-graph\">{\"@context\":\"https:\\\/\\\/schema.org\",\"@graph\":[{\"@type\":\"WebPage\",\"@id\":\"https:\\\/\\\/www.axid-system.com\\\/mentions-legales\\\/\",\"url\":\"https:\\\/\\\/www.axid-system.com\\\/mentions-legales\\\/\",\"name\":\"Mentions l\u00e9gales - AXID\",\"isPartOf\":{\"@id\":\"https:\\\/\\\/www.axid-system.com\\\/#website\"},\"datePublished\":\"2025-08-25T07:40:45+00:00\",\"dateModified\":\"2025-08-25T14:03:58+00:00\",\"description\":\"Consultez les mentions l\u00e9gales du site AXID System : informations l\u00e9gales, \u00e9diteur, h\u00e9bergeur et conditions d\u2019utilisation conform\u00e9ment \u00e0 la r\u00e9glementation en vigueur.\",\"breadcrumb\":{\"@id\":\"https:\\\/\\\/www.axid-system.com\\\/mentions-legales\\\/#breadcrumb\"},\"inLanguage\":\"en-GB\",\"potentialAction\":[{\"@type\":\"ReadAction\",\"target\":[\"https:\\\/\\\/www.axid-system.com\\\/mentions-legales\\\/\"]}]},{\"@type\":\"BreadcrumbList\",\"@id\":\"https:\\\/\\\/www.axid-system.com\\\/mentions-legales\\\/#breadcrumb\",\"itemListElement\":[{\"@type\":\"ListItem\",\"position\":1,\"name\":\"Accueil\",\"item\":\"https:\\\/\\\/www.axid-system.com\\\/\"},{\"@type\":\"ListItem\",\"position\":2,\"name\":\"Mentions l\u00e9gales\"}]},{\"@type\":\"WebSite\",\"@id\":\"https:\\\/\\\/www.axid-system.com\\\/#website\",\"url\":\"https:\\\/\\\/www.axid-system.com\\\/\",\"name\":\"AXID\",\"description\":\"AXID, bureau d\u2019\u00e9tudes en \u00e9lectronique de puissance, d\u00e9veloppe des convertisseurs sur mesure, \u00e0 haut rendement et forte compacit\u00e9, pour l\u2019a\u00e9ronautique, l\u2019automobile et l\u2019\u00e9nergie.\",\"publisher\":{\"@id\":\"https:\\\/\\\/www.axid-system.com\\\/#organization\"},\"potentialAction\":[{\"@type\":\"SearchAction\",\"target\":{\"@type\":\"EntryPoint\",\"urlTemplate\":\"https:\\\/\\\/www.axid-system.com\\\/?s={search_term_string}\"},\"query-input\":{\"@type\":\"PropertyValueSpecification\",\"valueRequired\":true,\"valueName\":\"search_term_string\"}}],\"inLanguage\":\"en-GB\"},{\"@type\":\"Organization\",\"@id\":\"https:\\\/\\\/www.axid-system.com\\\/#organization\",\"name\":\"AXID\",\"url\":\"https:\\\/\\\/www.axid-system.com\\\/\",\"logo\":{\"@type\":\"ImageObject\",\"inLanguage\":\"en-GB\",\"@id\":\"https:\\\/\\\/www.axid-system.com\\\/#\\\/schema\\\/logo\\\/image\\\/\",\"url\":\"https:\\\/\\\/www.axid-system.com\\\/wp-content\\\/uploads\\\/2025\\\/08\\\/cropped-Logo_Axid.webp\",\"contentUrl\":\"https:\\\/\\\/www.axid-system.com\\\/wp-content\\\/uploads\\\/2025\\\/08\\\/cropped-Logo_Axid.webp\",\"width\":279,\"height\":99,\"caption\":\"AXID\"},\"image\":{\"@id\":\"https:\\\/\\\/www.axid-system.com\\\/#\\\/schema\\\/logo\\\/image\\\/\"},\"sameAs\":[\"https:\\\/\\\/fr.linkedin.com\\\/company\\\/axid\"]}]}<\/script>\n<!-- \/ Yoast SEO plugin. -->","yoast_head_json":{"title":"Mentions l\u00e9gales - AXID","description":"Consultez les mentions l\u00e9gales du site AXID System : informations l\u00e9gales, \u00e9diteur, h\u00e9bergeur et conditions d\u2019utilisation conform\u00e9ment \u00e0 la r\u00e9glementation en vigueur.","robots":{"index":"index","follow":"follow","max-snippet":"max-snippet:-1","max-image-preview":"max-image-preview:large","max-video-preview":"max-video-preview:-1"},"canonical":"https:\/\/www.axid-system.com\/en\/mentions-legales\/","og_locale":"en_GB","og_type":"article","og_title":"Mentions l\u00e9gales - AXID","og_description":"Consultez les mentions l\u00e9gales du site AXID System : informations l\u00e9gales, \u00e9diteur, h\u00e9bergeur et conditions d\u2019utilisation conform\u00e9ment \u00e0 la r\u00e9glementation en vigueur.","og_url":"https:\/\/www.axid-system.com\/en\/mentions-legales\/","og_site_name":"AXID","article_modified_time":"2025-08-25T14:03:58+00:00","twitter_card":"summary_large_image","twitter_misc":{"Estimated reading time":"1 minute"},"schema":{"@context":"https:\/\/schema.org","@graph":[{"@type":"WebPage","@id":"https:\/\/www.axid-system.com\/mentions-legales\/","url":"https:\/\/www.axid-system.com\/mentions-legales\/","name":"Mentions l\u00e9gales - AXID","isPartOf":{"@id":"https:\/\/www.axid-system.com\/#website"},"datePublished":"2025-08-25T07:40:45+00:00","dateModified":"2025-08-25T14:03:58+00:00","description":"Consultez les mentions l\u00e9gales du site AXID System : informations l\u00e9gales, \u00e9diteur, h\u00e9bergeur et conditions d\u2019utilisation conform\u00e9ment \u00e0 la r\u00e9glementation en vigueur.","breadcrumb":{"@id":"https:\/\/www.axid-system.com\/mentions-legales\/#breadcrumb"},"inLanguage":"en-GB","potentialAction":[{"@type":"ReadAction","target":["https:\/\/www.axid-system.com\/mentions-legales\/"]}]},{"@type":"BreadcrumbList","@id":"https:\/\/www.axid-system.com\/mentions-legales\/#breadcrumb","itemListElement":[{"@type":"ListItem","position":1,"name":"Accueil","item":"https:\/\/www.axid-system.com\/"},{"@type":"ListItem","position":2,"name":"Mentions l\u00e9gales"}]},{"@type":"WebSite","@id":"https:\/\/www.axid-system.com\/#website","url":"https:\/\/www.axid-system.com\/","name":"AXID","description":"AXID, bureau d\u2019\u00e9tudes en \u00e9lectronique de puissance, d\u00e9veloppe des convertisseurs sur mesure, \u00e0 haut rendement et forte compacit\u00e9, pour l\u2019a\u00e9ronautique, l\u2019automobile et l\u2019\u00e9nergie.","publisher":{"@id":"https:\/\/www.axid-system.com\/#organization"},"potentialAction":[{"@type":"SearchAction","target":{"@type":"EntryPoint","urlTemplate":"https:\/\/www.axid-system.com\/?s={search_term_string}"},"query-input":{"@type":"PropertyValueSpecification","valueRequired":true,"valueName":"search_term_string"}}],"inLanguage":"en-GB"},{"@type":"Organization","@id":"https:\/\/www.axid-system.com\/#organization","name":"AXID","url":"https:\/\/www.axid-system.com\/","logo":{"@type":"ImageObject","inLanguage":"en-GB","@id":"https:\/\/www.axid-system.com\/#\/schema\/logo\/image\/","url":"https:\/\/www.axid-system.com\/wp-content\/uploads\/2025\/08\/cropped-Logo_Axid.webp","contentUrl":"https:\/\/www.axid-system.com\/wp-content\/uploads\/2025\/08\/cropped-Logo_Axid.webp","width":279,"height":99,"caption":"AXID"},"image":{"@id":"https:\/\/www.axid-system.com\/#\/schema\/logo\/image\/"},"sameAs":["https:\/\/fr.linkedin.com\/company\/axid"]}]}},"_links":{"self":[{"href":"https:\/\/www.axid-system.com\/en\/wp-json\/wp\/v2\/pages\/2647","targetHints":{"allow":["GET"]}}],"collection":[{"href":"https:\/\/www.axid-system.com\/en\/wp-json\/wp\/v2\/pages"}],"about":[{"href":"https:\/\/www.axid-system.com\/en\/wp-json\/wp\/v2\/types\/page"}],"author":[{"embeddable":true,"href":"https:\/\/www.axid-system.com\/en\/wp-json\/wp\/v2\/users\/1"}],"replies":[{"embeddable":true,"href":"https:\/\/www.axid-system.com\/en\/wp-json\/wp\/v2\/comments?post=2647"}],"version-history":[{"count":24,"href":"https:\/\/www.axid-system.com\/en\/wp-json\/wp\/v2\/pages\/2647\/revisions"}],"predecessor-version":[{"id":2737,"href":"https:\/\/www.axid-system.com\/en\/wp-json\/wp\/v2\/pages\/2647\/revisions\/2737"}],"wp:attachment":[{"href":"https:\/\/www.axid-system.com\/en\/wp-json\/wp\/v2\/media?parent=2647"}],"curies":[{"name":"wp","href":"https:\/\/api.w.org\/{rel}","templated":true}]}}