{"id":2127,"date":"2025-08-20T13:53:12","date_gmt":"2025-08-20T13:53:12","guid":{"rendered":"https:\/\/wp.axid-system.com\/?page_id=2127"},"modified":"2026-04-23T13:56:11","modified_gmt":"2026-04-23T13:56:11","slug":"offre-demploi","status":"publish","type":"page","link":"https:\/\/www.axid-system.com\/en\/offre-demploi\/","title":{"rendered":"Offre d&#8217;emploi"},"content":{"rendered":"<div data-elementor-type=\"wp-page\" data-elementor-id=\"2127\" class=\"elementor elementor-2127\">\n\t\t\t\t<div class=\"elementor-element elementor-element-d906f5e e-flex e-con-boxed e-con e-parent\" data-id=\"d906f5e\" data-element_type=\"container\" data-e-type=\"container\">\n\t\t\t\t\t<div class=\"e-con-inner\">\n\t\t\t\t<div class=\"elementor-element elementor-element-899c9b1 elementor-widget elementor-widget-heading\" data-id=\"899c9b1\" data-element_type=\"widget\" data-e-type=\"widget\" data-widget_type=\"heading.default\">\n\t\t\t\t\t<h1 class=\"elementor-heading-title elementor-size-default\">Job offer <\/h1>\t\t\t\t<\/div>\n\t\t\t\t\t<\/div>\n\t\t\t\t<\/div>\n\t\t<div class=\"elementor-element elementor-element-171ee2f e-flex e-con-boxed e-con e-parent\" data-id=\"171ee2f\" data-element_type=\"container\" data-e-type=\"container\">\n\t\t\t\t\t<div class=\"e-con-inner\">\n\t\t\t\t<div class=\"elementor-element elementor-element-88ab033 elementor-widget elementor-widget-spacer\" data-id=\"88ab033\" data-element_type=\"widget\" data-e-type=\"widget\" data-widget_type=\"spacer.default\">\n\t\t\t\t\t\t\t<div class=\"elementor-spacer\">\n\t\t\t<div class=\"elementor-spacer-inner\"><\/div>\n\t\t<\/div>\n\t\t\t\t\t\t<\/div>\n\t\t\t\t<div class=\"elementor-element elementor-element-041af50 elementor-widget elementor-widget-text-editor\" data-id=\"041af50\" data-element_type=\"widget\" data-e-type=\"widget\" data-widget_type=\"text-editor.default\">\n\t\t\t\t\t\t\t\t\t<h2 data-start=\"79\" data-end=\"155\"><strong data-start=\"82\" data-end=\"155\">Electronics and embedded computing engineers<\/strong><\/h2><h3 data-start=\"157\" data-end=\"179\"><strong data-start=\"161\" data-end=\"177\">Company<\/strong><\/h3><p>AXID est un bureau d\u2019\u00e9tudes en \u00e9lectronique de puissance en forte croissance, bas\u00e9 \u00e0 Sophia-Antipolis, sp\u00e9cialis\u00e9 dans le d\u00e9veloppement de solutions de puissance sur mesure pour des applications exigeantes et critiques.<br \/>L\u2019entreprise accompagne ses clients de la R&amp;D \u00e0 l\u2019industrialisation, en respectant des contraintes \u00e9lev\u00e9es de fiabilit\u00e9, de robustesse, de tra\u00e7abilit\u00e9 et de confidentialit\u00e9.<br \/>AXID s\u2019appuie sur une \u00e9quipe d\u2019ing\u00e9nieurs passionn\u00e9s, engag\u00e9s dans des projets \u00e0 forte valeur strat\u00e9gique et technologique.<\/p><p>\u00a0<\/p><h3 data-start=\"1255\" data-end=\"1273\"><strong data-start=\"1259\" data-end=\"1271\">Missions<\/strong><\/h3><p>Int\u00e9gr\u00e9(e) \u00e0 l\u2019\u00e9quipe R&amp;D, vous interviendrez en autonomie ou en bin\u00f4me sur des projets confidentiels, de bout en bout :<\/p><ul><li>Participation au chiffrage et \u00e0 l\u2019analyse de faisabilit\u00e9 technique,<\/li><li>Conception et d\u00e9veloppement de convertisseurs de puissance (quelques W \u00e0 plusieurs dizaines de kW),<\/li><li>R&amp;D hardware et software, fabrication et mise au point des prototypes,<\/li><li>R\u00e9daction de la documentation technique et d\u2019industrialisation,<\/li><li>Mise en route, essais fonctionnels et pr\u00e9-qualification CEM,<\/li><li>Lecture, compr\u00e9hension et application des normes militaires et standards applicables (environnement, CEM, fiabilit\u00e9),<\/li><li>Suivi du projet jusqu\u2019\u00e0 l\u2019industrialisation,<\/li><li>Relations techniques avec les partenaires, fournisseurs et sous-traitants.<\/li><\/ul><h3 data-start=\"1981\" data-end=\"2007\"><strong data-start=\"1985\" data-end=\"2005\">Profil research<\/strong><\/h3><ul><li style=\"list-style-type: none;\"><ul><li>Dipl\u00f4me d\u2019\u00e9cole d\u2019ing\u00e9nieur (\u00e9lectronique ou \u00e9lectronique de puissance),<\/li><li>Design de circuits analogiques et num\u00e9riques,<\/li><li>Conception de convertisseurs AC\/DC, DC\/DC, onduleurs,<\/li><li>Dimensionnement de composants de puissance,<\/li><li>Analyse thermique et gestion des dissipations,<\/li><li>Notions de CEM et de normes en environnements contraints,<\/li><li>Bonnes bases en logiciel embarqu\u00e9 temps r\u00e9el,<\/li><li>Maitriser la programmation en langage C,<\/li><li>Notions de design m\u00e9canique appr\u00e9ci\u00e9es (int\u00e9gration, robustesse).<\/li><\/ul><\/li><\/ul><h3><strong>Outils<\/strong><\/h3><p>PSIM, LTspice, KiCad, STM32CubeIDE, MPLAB<br \/>Oscilloscope (isol\u00e9 ou non), analyseur de spectre, bancs de test puissance<\/p>\t\t\t\t\t\t\t\t<\/div>\n\t\t\t\t<div class=\"elementor-element elementor-element-9be7dd0 elementor-widget elementor-widget-spacer\" data-id=\"9be7dd0\" data-element_type=\"widget\" data-e-type=\"widget\" data-widget_type=\"spacer.default\">\n\t\t\t\t\t\t\t<div class=\"elementor-spacer\">\n\t\t\t<div class=\"elementor-spacer-inner\"><\/div>\n\t\t<\/div>\n\t\t\t\t\t\t<\/div>\n\t\t\t\t\t<\/div>\n\t\t\t\t<\/div>\n\t\t\t\t<\/div>","protected":false},"excerpt":{"rendered":"<p>Offre d&#8217;emploi Ing\u00e9nieurs en \u00e9lectronique et informatique embarqu\u00e9e L\u2019entreprise AXID est un bureau d\u2019\u00e9tudes en \u00e9lectronique de puissance en forte [&hellip;]<\/p>\n","protected":false},"author":1,"featured_media":0,"parent":0,"menu_order":0,"comment_status":"closed","ping_status":"closed","template":"","meta":{"site-sidebar-layout":"no-sidebar","site-content-layout":"page-builder","ast-site-content-layout":"full-width-container","site-content-style":"unboxed","site-sidebar-style":"unboxed","ast-global-header-display":"","ast-banner-title-visibility":"","ast-main-header-display":"","ast-hfb-above-header-display":"","ast-hfb-below-header-display":"","ast-hfb-mobile-header-display":"","site-post-title":"disabled","ast-breadcrumbs-content":"","ast-featured-img":"disabled","footer-sml-layout":"","ast-disable-related-posts":"","theme-transparent-header-meta":"","adv-header-id-meta":"","stick-header-meta":"","header-above-stick-meta":"","header-main-stick-meta":"","header-below-stick-meta":"","astra-migrate-meta-layouts":"set","ast-page-background-enabled":"default","ast-page-background-meta":{"desktop":{"background-color":"var(--ast-global-color-4)","background-image":"","background-repeat":"repeat","background-position":"center center","background-size":"auto","background-attachment":"scroll","background-type":"","background-media":"","overlay-type":"","overlay-color":"","overlay-opacity":"","overlay-gradient":""},"tablet":{"background-color":"","background-image":"","background-repeat":"repeat","background-position":"center center","background-size":"auto","background-attachment":"scroll","background-type":"","background-media":"","overlay-type":"","overlay-color":"","overlay-opacity":"","overlay-gradient":""},"mobile":{"background-color":"","background-image":"","background-repeat":"repeat","background-position":"center center","background-size":"auto","background-attachment":"scroll","background-type":"","background-media":"","overlay-type":"","overlay-color":"","overlay-opacity":"","overlay-gradient":""}},"ast-content-background-meta":{"desktop":{"background-color":"var(--ast-global-color-5)","background-image":"","background-repeat":"repeat","background-position":"center center","background-size":"auto","background-attachment":"scroll","background-type":"","background-media":"","overlay-type":"","overlay-color":"","overlay-opacity":"","overlay-gradient":""},"tablet":{"background-color":"var(--ast-global-color-5)","background-image":"","background-repeat":"repeat","background-position":"center center","background-size":"auto","background-attachment":"scroll","background-type":"","background-media":"","overlay-type":"","overlay-color":"","overlay-opacity":"","overlay-gradient":""},"mobile":{"background-color":"var(--ast-global-color-5)","background-image":"","background-repeat":"repeat","background-position":"center center","background-size":"auto","background-attachment":"scroll","background-type":"","background-media":"","overlay-type":"","overlay-color":"","overlay-opacity":"","overlay-gradient":""}},"footnotes":""},"class_list":["post-2127","page","type-page","status-publish","hentry"],"yoast_head":"<!-- This site is optimized with the Yoast SEO plugin v27.5 - https:\/\/yoast.com\/product\/yoast-seo-wordpress\/ -->\n<title>Offre d&#039;emploi - AXID<\/title>\n<meta name=\"description\" content=\"D\u00e9couvrez les offres d\u2019emploi et opportunit\u00e9s chez AXID System \u00e0 Biot (Sophia Antipolis). Rejoignez une \u00e9quipe innovante sp\u00e9cialis\u00e9e en \u00e9lectronique de puissance.\" \/>\n<meta name=\"robots\" content=\"index, follow, max-snippet:-1, max-image-preview:large, max-video-preview:-1\" \/>\n<link rel=\"canonical\" href=\"https:\/\/www.axid-system.com\/en\/offre-demploi\/\" \/>\n<meta property=\"og:locale\" content=\"en_GB\" \/>\n<meta property=\"og:type\" content=\"article\" \/>\n<meta property=\"og:title\" content=\"Offre d&#039;emploi - AXID\" \/>\n<meta property=\"og:description\" content=\"D\u00e9couvrez les offres d\u2019emploi et opportunit\u00e9s chez AXID System \u00e0 Biot (Sophia Antipolis). Rejoignez une \u00e9quipe innovante sp\u00e9cialis\u00e9e en \u00e9lectronique de puissance.\" \/>\n<meta property=\"og:url\" content=\"https:\/\/www.axid-system.com\/en\/offre-demploi\/\" \/>\n<meta property=\"og:site_name\" content=\"AXID\" \/>\n<meta property=\"article:modified_time\" content=\"2026-04-23T13:56:11+00:00\" \/>\n<meta name=\"twitter:card\" content=\"summary_large_image\" \/>\n<meta name=\"twitter:label1\" content=\"Estimated reading time\" \/>\n\t<meta name=\"twitter:data1\" content=\"2 minutes\" \/>\n<script type=\"application\/ld+json\" class=\"yoast-schema-graph\">{\"@context\":\"https:\\\/\\\/schema.org\",\"@graph\":[{\"@type\":\"WebPage\",\"@id\":\"https:\\\/\\\/www.axid-system.com\\\/offre-demploi\\\/\",\"url\":\"https:\\\/\\\/www.axid-system.com\\\/offre-demploi\\\/\",\"name\":\"Offre d'emploi - AXID\",\"isPartOf\":{\"@id\":\"https:\\\/\\\/www.axid-system.com\\\/#website\"},\"datePublished\":\"2025-08-20T13:53:12+00:00\",\"dateModified\":\"2026-04-23T13:56:11+00:00\",\"description\":\"D\u00e9couvrez les offres d\u2019emploi et opportunit\u00e9s chez AXID System \u00e0 Biot (Sophia Antipolis). Rejoignez une \u00e9quipe innovante sp\u00e9cialis\u00e9e en \u00e9lectronique de puissance.\",\"breadcrumb\":{\"@id\":\"https:\\\/\\\/www.axid-system.com\\\/offre-demploi\\\/#breadcrumb\"},\"inLanguage\":\"en-GB\",\"potentialAction\":[{\"@type\":\"ReadAction\",\"target\":[\"https:\\\/\\\/www.axid-system.com\\\/offre-demploi\\\/\"]}]},{\"@type\":\"BreadcrumbList\",\"@id\":\"https:\\\/\\\/www.axid-system.com\\\/offre-demploi\\\/#breadcrumb\",\"itemListElement\":[{\"@type\":\"ListItem\",\"position\":1,\"name\":\"Accueil\",\"item\":\"https:\\\/\\\/www.axid-system.com\\\/\"},{\"@type\":\"ListItem\",\"position\":2,\"name\":\"Offre d&#8217;emploi\"}]},{\"@type\":\"WebSite\",\"@id\":\"https:\\\/\\\/www.axid-system.com\\\/#website\",\"url\":\"https:\\\/\\\/www.axid-system.com\\\/\",\"name\":\"AXID\",\"description\":\"AXID, bureau d\u2019\u00e9tudes en \u00e9lectronique de puissance, d\u00e9veloppe des convertisseurs sur mesure, \u00e0 haut rendement et forte compacit\u00e9, pour l\u2019a\u00e9ronautique, l\u2019automobile et l\u2019\u00e9nergie.\",\"publisher\":{\"@id\":\"https:\\\/\\\/www.axid-system.com\\\/#organization\"},\"potentialAction\":[{\"@type\":\"SearchAction\",\"target\":{\"@type\":\"EntryPoint\",\"urlTemplate\":\"https:\\\/\\\/www.axid-system.com\\\/?s={search_term_string}\"},\"query-input\":{\"@type\":\"PropertyValueSpecification\",\"valueRequired\":true,\"valueName\":\"search_term_string\"}}],\"inLanguage\":\"en-GB\"},{\"@type\":\"Organization\",\"@id\":\"https:\\\/\\\/www.axid-system.com\\\/#organization\",\"name\":\"AXID\",\"url\":\"https:\\\/\\\/www.axid-system.com\\\/\",\"logo\":{\"@type\":\"ImageObject\",\"inLanguage\":\"en-GB\",\"@id\":\"https:\\\/\\\/www.axid-system.com\\\/#\\\/schema\\\/logo\\\/image\\\/\",\"url\":\"https:\\\/\\\/www.axid-system.com\\\/wp-content\\\/uploads\\\/2025\\\/08\\\/cropped-Logo_Axid.webp\",\"contentUrl\":\"https:\\\/\\\/www.axid-system.com\\\/wp-content\\\/uploads\\\/2025\\\/08\\\/cropped-Logo_Axid.webp\",\"width\":279,\"height\":99,\"caption\":\"AXID\"},\"image\":{\"@id\":\"https:\\\/\\\/www.axid-system.com\\\/#\\\/schema\\\/logo\\\/image\\\/\"},\"sameAs\":[\"https:\\\/\\\/fr.linkedin.com\\\/company\\\/axid\"]}]}<\/script>\n<!-- \/ Yoast SEO plugin. -->","yoast_head_json":{"title":"Offre d'emploi - AXID","description":"D\u00e9couvrez les offres d\u2019emploi et opportunit\u00e9s chez AXID System \u00e0 Biot (Sophia Antipolis). Rejoignez une \u00e9quipe innovante sp\u00e9cialis\u00e9e en \u00e9lectronique de puissance.","robots":{"index":"index","follow":"follow","max-snippet":"max-snippet:-1","max-image-preview":"max-image-preview:large","max-video-preview":"max-video-preview:-1"},"canonical":"https:\/\/www.axid-system.com\/en\/offre-demploi\/","og_locale":"en_GB","og_type":"article","og_title":"Offre d'emploi - AXID","og_description":"D\u00e9couvrez les offres d\u2019emploi et opportunit\u00e9s chez AXID System \u00e0 Biot (Sophia Antipolis). Rejoignez une \u00e9quipe innovante sp\u00e9cialis\u00e9e en \u00e9lectronique de puissance.","og_url":"https:\/\/www.axid-system.com\/en\/offre-demploi\/","og_site_name":"AXID","article_modified_time":"2026-04-23T13:56:11+00:00","twitter_card":"summary_large_image","twitter_misc":{"Estimated reading time":"2 minutes"},"schema":{"@context":"https:\/\/schema.org","@graph":[{"@type":"WebPage","@id":"https:\/\/www.axid-system.com\/offre-demploi\/","url":"https:\/\/www.axid-system.com\/offre-demploi\/","name":"Offre d'emploi - AXID","isPartOf":{"@id":"https:\/\/www.axid-system.com\/#website"},"datePublished":"2025-08-20T13:53:12+00:00","dateModified":"2026-04-23T13:56:11+00:00","description":"D\u00e9couvrez les offres d\u2019emploi et opportunit\u00e9s chez AXID System \u00e0 Biot (Sophia Antipolis). Rejoignez une \u00e9quipe innovante sp\u00e9cialis\u00e9e en \u00e9lectronique de puissance.","breadcrumb":{"@id":"https:\/\/www.axid-system.com\/offre-demploi\/#breadcrumb"},"inLanguage":"en-GB","potentialAction":[{"@type":"ReadAction","target":["https:\/\/www.axid-system.com\/offre-demploi\/"]}]},{"@type":"BreadcrumbList","@id":"https:\/\/www.axid-system.com\/offre-demploi\/#breadcrumb","itemListElement":[{"@type":"ListItem","position":1,"name":"Accueil","item":"https:\/\/www.axid-system.com\/"},{"@type":"ListItem","position":2,"name":"Offre d&#8217;emploi"}]},{"@type":"WebSite","@id":"https:\/\/www.axid-system.com\/#website","url":"https:\/\/www.axid-system.com\/","name":"AXID","description":"AXID, bureau d\u2019\u00e9tudes en \u00e9lectronique de puissance, d\u00e9veloppe des convertisseurs sur mesure, \u00e0 haut rendement et forte compacit\u00e9, pour l\u2019a\u00e9ronautique, l\u2019automobile et l\u2019\u00e9nergie.","publisher":{"@id":"https:\/\/www.axid-system.com\/#organization"},"potentialAction":[{"@type":"SearchAction","target":{"@type":"EntryPoint","urlTemplate":"https:\/\/www.axid-system.com\/?s={search_term_string}"},"query-input":{"@type":"PropertyValueSpecification","valueRequired":true,"valueName":"search_term_string"}}],"inLanguage":"en-GB"},{"@type":"Organization","@id":"https:\/\/www.axid-system.com\/#organization","name":"AXID","url":"https:\/\/www.axid-system.com\/","logo":{"@type":"ImageObject","inLanguage":"en-GB","@id":"https:\/\/www.axid-system.com\/#\/schema\/logo\/image\/","url":"https:\/\/www.axid-system.com\/wp-content\/uploads\/2025\/08\/cropped-Logo_Axid.webp","contentUrl":"https:\/\/www.axid-system.com\/wp-content\/uploads\/2025\/08\/cropped-Logo_Axid.webp","width":279,"height":99,"caption":"AXID"},"image":{"@id":"https:\/\/www.axid-system.com\/#\/schema\/logo\/image\/"},"sameAs":["https:\/\/fr.linkedin.com\/company\/axid"]}]}},"_links":{"self":[{"href":"https:\/\/www.axid-system.com\/en\/wp-json\/wp\/v2\/pages\/2127","targetHints":{"allow":["GET"]}}],"collection":[{"href":"https:\/\/www.axid-system.com\/en\/wp-json\/wp\/v2\/pages"}],"about":[{"href":"https:\/\/www.axid-system.com\/en\/wp-json\/wp\/v2\/types\/page"}],"author":[{"embeddable":true,"href":"https:\/\/www.axid-system.com\/en\/wp-json\/wp\/v2\/users\/1"}],"replies":[{"embeddable":true,"href":"https:\/\/www.axid-system.com\/en\/wp-json\/wp\/v2\/comments?post=2127"}],"version-history":[{"count":44,"href":"https:\/\/www.axid-system.com\/en\/wp-json\/wp\/v2\/pages\/2127\/revisions"}],"predecessor-version":[{"id":3163,"href":"https:\/\/www.axid-system.com\/en\/wp-json\/wp\/v2\/pages\/2127\/revisions\/3163"}],"wp:attachment":[{"href":"https:\/\/www.axid-system.com\/en\/wp-json\/wp\/v2\/media?parent=2127"}],"curies":[{"name":"wp","href":"https:\/\/api.w.org\/{rel}","templated":true}]}}