{"id":1758,"date":"2025-08-19T14:33:53","date_gmt":"2025-08-19T14:33:53","guid":{"rendered":"https:\/\/wp.axid-system.com\/?page_id=1758"},"modified":"2025-08-27T12:52:35","modified_gmt":"2025-08-27T12:52:35","slug":"brevets","status":"publish","type":"page","link":"https:\/\/www.axid-system.com\/en\/brevets\/","title":{"rendered":"Patents"},"content":{"rendered":"<div data-elementor-type=\"wp-page\" data-elementor-id=\"1758\" class=\"elementor elementor-1758\">\n\t\t\t\t<div class=\"elementor-element elementor-element-bc6f11f e-flex e-con-boxed e-con e-parent\" data-id=\"bc6f11f\" data-element_type=\"container\" data-e-type=\"container\">\n\t\t\t\t\t<div class=\"e-con-inner\">\n\t\t\t\t<div class=\"elementor-element elementor-element-07ffeb5 elementor-widget elementor-widget-heading\" data-id=\"07ffeb5\" data-element_type=\"widget\" data-e-type=\"widget\" data-widget_type=\"heading.default\">\n\t\t\t\t\t<h2 class=\"elementor-heading-title elementor-size-default\">Our Patents and Innovations<\/h2>\t\t\t\t<\/div>\n\t\t\t\t<div class=\"elementor-element elementor-element-f776324 elementor-widget__width-initial elementor-widget elementor-widget-heading\" data-id=\"f776324\" data-element_type=\"widget\" data-e-type=\"widget\" data-widget_type=\"heading.default\">\n\t\t\t\t\t<h4 class=\"elementor-heading-title elementor-size-default\">Each patent reflects our commitment to pushing the boundaries of power electronics.<\/h4>\t\t\t\t<\/div>\n\t\t\t\t\t<\/div>\n\t\t\t\t<\/div>\n\t\t<div class=\"elementor-element elementor-element-a8efe7f e-flex e-con-boxed e-con e-parent\" data-id=\"a8efe7f\" data-element_type=\"container\" data-e-type=\"container\">\n\t\t\t\t\t<div class=\"e-con-inner\">\n\t\t\t\t<div class=\"elementor-element elementor-element-1a4107e elementor-widget elementor-widget-spacer\" data-id=\"1a4107e\" data-element_type=\"widget\" data-e-type=\"widget\" data-widget_type=\"spacer.default\">\n\t\t\t\t\t\t\t<div class=\"elementor-spacer\">\n\t\t\t<div class=\"elementor-spacer-inner\"><\/div>\n\t\t<\/div>\n\t\t\t\t\t\t<\/div>\n\t\t\t\t\t<\/div>\n\t\t\t\t<\/div>\n\t\t<div class=\"elementor-element elementor-element-dd6f24f e-grid e-con-boxed e-con e-parent\" data-id=\"dd6f24f\" data-element_type=\"container\" data-e-type=\"container\">\n\t\t\t\t\t<div class=\"e-con-inner\">\n\t\t\t\t<div class=\"elementor-element elementor-element-05df3ce elementor-widget elementor-widget-html\" data-id=\"05df3ce\" data-element_type=\"widget\" data-e-type=\"widget\" data-widget_type=\"html.default\">\n\t\t\t\t\t<!-- BOUTON-CARTE BREVET #1 -->\r\n<style>\r\n  .patentBtn1 {\r\n    position: relative; display:block; width:100%;\r\n    border-radius:20px; overflow:hidden; text-decoration:none; color:#fff;\r\n    min-height:280px; aspect-ratio:16\/9; box-shadow:0 12px 30px rgba(0,0,0,.08);\r\n    background:#0a0a0a; isolation:isolate;\r\n  }\r\n  .patentBtn1::before{\r\n    content:\"\"; position:absolute; inset:0;\r\n    background-image: var(--bg1), radial-gradient(80% 100% at 50% 10%, #1c1c1c 0%, #0a0a0a 100%);\r\n    background-size:cover; background-position:center;\r\n    transform:scale(1.02); transition:.35s cubic-bezier(.2,.8,.2,1);\r\n    z-index:0;\r\n  }\r\n  .patentBtn1::after{\r\n    content:\"\"; position:absolute; inset:0;\r\n    background: linear-gradient(180deg, rgba(0,0,0,0.00) 30%, rgba(0,0,0,.45) 100%);\r\n    z-index:1;\r\n  }\r\n  .patentBtn1:hover::before{ transform:scale(1.06); filter:saturate(1.05) contrast(1.05); }\r\n  .patentBtn1:focus-visible{ outline:2px solid #2e7be7; outline-offset:3px; }\r\n\r\n  .patentBtn1 .inner{\r\n    position:absolute; inset:auto 0 0 0; padding:28px; z-index:2;\r\n  }\r\n  .patentBtn1 h3{ margin:0 0 8px; font:700 clamp(18px,2.2vw,26px)\/1.2 system-ui, -apple-system, \"Helvetica Neue\", Arial; color:#FFFFFF; }\r\n  .patentBtn1 p{ margin:0 0 12px; font-size:clamp(13px,1.6vw,15px); opacity:.9;color:#FFFFFF; }\r\n  .patentBtn1 .foot{ display:flex; align-items:center; gap:10px; font-size:14px; opacity:.95;color:#FFFFFF; }\r\n  .patentBtn1 .dot{ width:6px; height:6px; border-radius:50%; background:currentColor; opacity:.85; }\r\n  .patentBtn1 .badge{ margin-left:auto; padding:6px 10px; border-radius:999px; background:rgba(255,255,255,.14); backdrop-filter:blur(6px); }\r\n<\/style>\r\n\r\n<a class=\"patentBtn1\"\r\n   href=\"https:\/\/patents.google.com\/patent\/WO2023057329A1\" \r\n   target=\"_blank\" rel=\"noopener\"\r\n   aria-label=\"Ouvrir le brevet WO2023057329A1 sur Google Patents\"\r\n   style=\"--bg1: url('http:\/\/axid-system.com\/wp-content\/uploads\/2025\/08\/videoframe_10278.png');\">\r\n  <div class=\"inner\">\r\n    <h3>Wideband CLLLC Patent (1\/3)<\/h3> <!-- TODO: titre -->\r\n    <p>Inventors : Roland D\u2019AUTHIER, C\u00e9dric LAURENT, Lionel DOLMAIRE<br>\r\n       WO2023057329A1 (13 apr. 2023)<\/p> <!-- TODO: m\u00e9ta -->\r\n    <div class=\"foot\">\r\n      <span>View on Google Patents<\/span><span class=\"dot\"><\/span><span>\r\n      <span class=\"badge\">\u2197<\/span>\r\n    <\/div>\r\n  <\/div>\r\n<\/a>\r\n\t\t\t\t<\/div>\n\t\t\t\t<div class=\"elementor-element elementor-element-3549015 elementor-widget elementor-widget-html\" data-id=\"3549015\" data-element_type=\"widget\" data-e-type=\"widget\" data-widget_type=\"html.default\">\n\t\t\t\t\t<!-- BOUTON-CARTE BREVET #1 -->\r\n<style>\r\n  .patentBtn1 {\r\n    position: relative; display:block; width:100%;\r\n    border-radius:20px; overflow:hidden; text-decoration:none; color:#fff;\r\n    min-height:280px; aspect-ratio:16\/9; box-shadow:0 12px 30px rgba(0,0,0,.08);\r\n    background:#0a0a0a; isolation:isolate;\r\n  }\r\n  .patentBtn1::before{\r\n    content:\"\"; position:absolute; inset:0;\r\n    background-image: var(--bg1), radial-gradient(80% 100% at 50% 10%, #1c1c1c 0%, #0a0a0a 100%);\r\n    background-size:cover; background-position:center;\r\n    transform:scale(1.02); transition:.35s cubic-bezier(.2,.8,.2,1);\r\n    z-index:0;\r\n  }\r\n  .patentBtn1::after{\r\n    content:\"\"; position:absolute; inset:0;\r\n    background: linear-gradient(180deg, rgba(0,0,0,0.00) 30%, rgba(0,0,0,.45) 100%);\r\n    z-index:1;\r\n  }\r\n  .patentBtn1:hover::before{ transform:scale(1.06); filter:saturate(1.05) contrast(1.05); }\r\n  .patentBtn1:focus-visible{ outline:2px solid #2e7be7; outline-offset:3px; }\r\n\r\n  .patentBtn1 .inner{\r\n    position:absolute; inset:auto 0 0 0; padding:28px; z-index:2;\r\n  }\r\n  .patentBtn1 h3{ margin:0 0 8px; font:700 clamp(18px,2.2vw,26px)\/1.2 system-ui, -apple-system, \"Helvetica Neue\", Arial; color:#FFFFFF; }\r\n  .patentBtn1 p{ margin:0 0 12px; font-size:clamp(13px,1.6vw,15px); opacity:.9;color:#FFFFFF; }\r\n  .patentBtn1 .foot{ display:flex; align-items:center; gap:10px; font-size:14px; opacity:.95;color:#FFFFFF; }\r\n  .patentBtn1 .dot{ width:6px; height:6px; border-radius:50%; background:currentColor; opacity:.85; }\r\n  .patentBtn1 .badge{ margin-left:auto; padding:6px 10px; border-radius:999px; background:rgba(255,255,255,.14); backdrop-filter:blur(6px); }\r\n<\/style>\r\n\r\n<a class=\"patentBtn1\"\r\n   href=\"https:\/\/patents.google.com\/patent\/US20250121715A1\" \r\n   target=\"_blank\" rel=\"noopener\"\r\n   aria-label=\"Ouvrir le brevet US20250121715A1 sur Google Patents\"\r\n   style=\"--bg1: url('http:\/\/axid-system.com\/wp-content\/uploads\/2025\/08\/videoframe_10278.png');\">\r\n  <div class=\"inner\">\r\n    <h3>Wideband CLLLC Patent (2\/3)<\/h3> <!-- TODO: titre -->\r\n    <p>Inventors : Roland D\u2019AUTHIER, C\u00e9dric LAURENT, Lionel DOLMAIRE<br>\r\n       US20250121715A1 (17 apr. 2025)<\/p> <!-- TODO: m\u00e9ta -->\r\n    <div class=\"foot\">\r\n      <span>View on Google Patents<\/span><span class=\"dot\"><\/span><span>\r\n      <span class=\"badge\">\u2197<\/span>\r\n    <\/div>\r\n  <\/div>\r\n<\/a>\r\n\t\t\t\t<\/div>\n\t\t\t\t<div class=\"elementor-element elementor-element-bfa8e66 elementor-widget elementor-widget-html\" data-id=\"bfa8e66\" data-element_type=\"widget\" data-e-type=\"widget\" data-widget_type=\"html.default\">\n\t\t\t\t\t<!-- BOUTON-CARTE BREVET #1 -->\r\n<style>\r\n  .patentBtn1 {\r\n    position: relative; display:block; width:100%;\r\n    border-radius:20px; overflow:hidden; text-decoration:none; color:#fff;\r\n    min-height:280px; aspect-ratio:16\/9; box-shadow:0 12px 30px rgba(0,0,0,.08);\r\n    background:#0a0a0a; isolation:isolate;\r\n  }\r\n  .patentBtn1::before{\r\n    content:\"\"; position:absolute; inset:0;\r\n    background-image: var(--bg1), radial-gradient(80% 100% at 50% 10%, #1c1c1c 0%, #0a0a0a 100%);\r\n    background-size:cover; background-position:center;\r\n    transform:scale(1.02); transition:.35s cubic-bezier(.2,.8,.2,1);\r\n    z-index:0;\r\n  }\r\n  .patentBtn1::after{\r\n    content:\"\"; position:absolute; inset:0;\r\n    background: linear-gradient(180deg, rgba(0,0,0,0.00) 30%, rgba(0,0,0,.45) 100%);\r\n    z-index:1;\r\n  }\r\n  .patentBtn1:hover::before{ transform:scale(1.06); filter:saturate(1.05) contrast(1.05); }\r\n  .patentBtn1:focus-visible{ outline:2px solid #2e7be7; outline-offset:3px; }\r\n\r\n  .patentBtn1 .inner{\r\n    position:absolute; inset:auto 0 0 0; padding:28px; z-index:2;\r\n  }\r\n  .patentBtn1 h3{ margin:0 0 8px; font:700 clamp(18px,2.2vw,26px)\/1.2 system-ui, -apple-system, \"Helvetica Neue\", Arial; color:#FFFFFF; }\r\n  .patentBtn1 p{ margin:0 0 12px; font-size:clamp(13px,1.6vw,15px); opacity:.9;color:#FFFFFF; }\r\n  .patentBtn1 .foot{ display:flex; align-items:center; gap:10px; font-size:14px; opacity:.95;color:#FFFFFF; }\r\n  .patentBtn1 .dot{ width:6px; height:6px; border-radius:50%; background:currentColor; opacity:.85; }\r\n  .patentBtn1 .badge{ margin-left:auto; padding:6px 10px; border-radius:999px; background:rgba(255,255,255,.14); backdrop-filter:blur(6px); }\r\n<\/style>\r\n\r\n<a class=\"patentBtn1\"\r\n   href=\"https:\/\/patents.google.com\/patent\/US12370914B2\" \r\n   target=\"_blank\" rel=\"noopener\"\r\n   aria-label=\"Ouvrir le brevet US12370914B2 sur Google Patents\"\r\n   style=\"--bg1: url('http:\/\/axid-system.com\/wp-content\/uploads\/2025\/08\/videoframe_10278.png');\">\r\n  <div class=\"inner\">\r\n    <h3>Wideband CLLLC Patent (3\/3)<\/h3> <!-- TODO: titre -->\r\n    <p>Inventors : Roland D\u2019AUTHIER, C\u00e9dric LAURENT, Michel AUSSEL<br>\r\n       US20250121716A1 (17 apr. 2025) \u2192 US12370914B2 (29 jul. 2025)<\/p> <!-- TODO: m\u00e9ta -->\r\n    <div class=\"foot\">\r\n      <span>View on Google Patents<\/span><span class=\"dot\"><\/span><span>\r\n      <span class=\"badge\">\u2197<\/span>\r\n    <\/div>\r\n  <\/div>\r\n<\/a>\r\n\t\t\t\t<\/div>\n\t\t\t\t\t<\/div>\n\t\t\t\t<\/div>\n\t\t<div class=\"elementor-element elementor-element-9a84d57 e-flex e-con-boxed e-con e-parent\" data-id=\"9a84d57\" data-element_type=\"container\" data-e-type=\"container\">\n\t\t\t\t\t<div class=\"e-con-inner\">\n\t\t\t\t<div class=\"elementor-element elementor-element-4405f99 elementor-widget elementor-widget-spacer\" data-id=\"4405f99\" data-element_type=\"widget\" data-e-type=\"widget\" data-widget_type=\"spacer.default\">\n\t\t\t\t\t\t\t<div class=\"elementor-spacer\">\n\t\t\t<div class=\"elementor-spacer-inner\"><\/div>\n\t\t<\/div>\n\t\t\t\t\t\t<\/div>\n\t\t\t\t\t<\/div>\n\t\t\t\t<\/div>\n\t\t\t\t<\/div>","protected":false},"excerpt":{"rendered":"<p>Nos Brevets et Innovations Chaque brevet refl\u00e8te notre engagement \u00e0 repousser les limites de l\u2019\u00e9lectronique de puissance Brevet CLLLC large [&hellip;]<\/p>\n","protected":false},"author":1,"featured_media":0,"parent":0,"menu_order":0,"comment_status":"closed","ping_status":"closed","template":"","meta":{"site-sidebar-layout":"no-sidebar","site-content-layout":"page-builder","ast-site-content-layout":"full-width-container","site-content-style":"unboxed","site-sidebar-style":"unboxed","ast-global-header-display":"","ast-banner-title-visibility":"","ast-main-header-display":"","ast-hfb-above-header-display":"","ast-hfb-below-header-display":"","ast-hfb-mobile-header-display":"","site-post-title":"disabled","ast-breadcrumbs-content":"","ast-featured-img":"disabled","footer-sml-layout":"","ast-disable-related-posts":"","theme-transparent-header-meta":"","adv-header-id-meta":"","stick-header-meta":"","header-above-stick-meta":"","header-main-stick-meta":"","header-below-stick-meta":"","astra-migrate-meta-layouts":"set","ast-page-background-enabled":"default","ast-page-background-meta":{"desktop":{"background-color":"var(--ast-global-color-4)","background-image":"","background-repeat":"repeat","background-position":"center center","background-size":"auto","background-attachment":"scroll","background-type":"","background-media":"","overlay-type":"","overlay-color":"","overlay-opacity":"","overlay-gradient":""},"tablet":{"background-color":"","background-image":"","background-repeat":"repeat","background-position":"center center","background-size":"auto","background-attachment":"scroll","background-type":"","background-media":"","overlay-type":"","overlay-color":"","overlay-opacity":"","overlay-gradient":""},"mobile":{"background-color":"","background-image":"","background-repeat":"repeat","background-position":"center center","background-size":"auto","background-attachment":"scroll","background-type":"","background-media":"","overlay-type":"","overlay-color":"","overlay-opacity":"","overlay-gradient":""}},"ast-content-background-meta":{"desktop":{"background-color":"var(--ast-global-color-5)","background-image":"","background-repeat":"repeat","background-position":"center center","background-size":"auto","background-attachment":"scroll","background-type":"","background-media":"","overlay-type":"","overlay-color":"","overlay-opacity":"","overlay-gradient":""},"tablet":{"background-color":"var(--ast-global-color-5)","background-image":"","background-repeat":"repeat","background-position":"center center","background-size":"auto","background-attachment":"scroll","background-type":"","background-media":"","overlay-type":"","overlay-color":"","overlay-opacity":"","overlay-gradient":""},"mobile":{"background-color":"var(--ast-global-color-5)","background-image":"","background-repeat":"repeat","background-position":"center center","background-size":"auto","background-attachment":"scroll","background-type":"","background-media":"","overlay-type":"","overlay-color":"","overlay-opacity":"","overlay-gradient":""}},"footnotes":""},"class_list":["post-1758","page","type-page","status-publish","hentry"],"yoast_head":"<!-- This site is optimized with the Yoast SEO plugin v27.5 - https:\/\/yoast.com\/product\/yoast-seo-wordpress\/ -->\n<title>Brevets - AXID | Innovations en \u00e9lectronique de puissance<\/title>\n<meta name=\"description\" content=\"Brevets AXID : un gage d\u2019innovation et de savoir-faire en \u00e9lectronique de puissance. Nos technologies brevet\u00e9es assurent efficacit\u00e9 et fiabilit\u00e9.\" \/>\n<meta name=\"robots\" content=\"index, follow, max-snippet:-1, max-image-preview:large, max-video-preview:-1\" \/>\n<link rel=\"canonical\" href=\"https:\/\/www.axid-system.com\/en\/brevets\/\" \/>\n<meta property=\"og:locale\" content=\"en_GB\" \/>\n<meta property=\"og:type\" content=\"article\" \/>\n<meta property=\"og:title\" content=\"Brevets - AXID | Innovations en \u00e9lectronique de puissance\" \/>\n<meta property=\"og:description\" content=\"Brevets AXID : un gage d\u2019innovation et de savoir-faire en \u00e9lectronique de puissance. Nos technologies brevet\u00e9es assurent efficacit\u00e9 et fiabilit\u00e9.\" \/>\n<meta property=\"og:url\" content=\"https:\/\/www.axid-system.com\/en\/brevets\/\" \/>\n<meta property=\"og:site_name\" content=\"AXID\" \/>\n<meta property=\"article:modified_time\" content=\"2025-08-27T12:52:35+00:00\" \/>\n<meta name=\"twitter:card\" content=\"summary_large_image\" \/>\n<meta name=\"twitter:label1\" content=\"Estimated reading time\" \/>\n\t<meta name=\"twitter:data1\" content=\"4 minutes\" \/>\n<script type=\"application\/ld+json\" class=\"yoast-schema-graph\">{\"@context\":\"https:\\\/\\\/schema.org\",\"@graph\":[{\"@type\":\"WebPage\",\"@id\":\"https:\\\/\\\/www.axid-system.com\\\/brevets\\\/\",\"url\":\"https:\\\/\\\/www.axid-system.com\\\/brevets\\\/\",\"name\":\"Brevets - AXID | Innovations en \u00e9lectronique de puissance\",\"isPartOf\":{\"@id\":\"https:\\\/\\\/www.axid-system.com\\\/#website\"},\"datePublished\":\"2025-08-19T14:33:53+00:00\",\"dateModified\":\"2025-08-27T12:52:35+00:00\",\"description\":\"Brevets AXID : un gage d\u2019innovation et de savoir-faire en \u00e9lectronique de puissance. Nos technologies brevet\u00e9es assurent efficacit\u00e9 et fiabilit\u00e9.\",\"breadcrumb\":{\"@id\":\"https:\\\/\\\/www.axid-system.com\\\/brevets\\\/#breadcrumb\"},\"inLanguage\":\"en-GB\",\"potentialAction\":[{\"@type\":\"ReadAction\",\"target\":[\"https:\\\/\\\/www.axid-system.com\\\/brevets\\\/\"]}]},{\"@type\":\"BreadcrumbList\",\"@id\":\"https:\\\/\\\/www.axid-system.com\\\/brevets\\\/#breadcrumb\",\"itemListElement\":[{\"@type\":\"ListItem\",\"position\":1,\"name\":\"Accueil\",\"item\":\"https:\\\/\\\/www.axid-system.com\\\/\"},{\"@type\":\"ListItem\",\"position\":2,\"name\":\"Brevets\"}]},{\"@type\":\"WebSite\",\"@id\":\"https:\\\/\\\/www.axid-system.com\\\/#website\",\"url\":\"https:\\\/\\\/www.axid-system.com\\\/\",\"name\":\"AXID\",\"description\":\"AXID, bureau d\u2019\u00e9tudes en \u00e9lectronique de puissance, d\u00e9veloppe des convertisseurs sur mesure, \u00e0 haut rendement et forte compacit\u00e9, pour l\u2019a\u00e9ronautique, l\u2019automobile et l\u2019\u00e9nergie.\",\"publisher\":{\"@id\":\"https:\\\/\\\/www.axid-system.com\\\/#organization\"},\"potentialAction\":[{\"@type\":\"SearchAction\",\"target\":{\"@type\":\"EntryPoint\",\"urlTemplate\":\"https:\\\/\\\/www.axid-system.com\\\/?s={search_term_string}\"},\"query-input\":{\"@type\":\"PropertyValueSpecification\",\"valueRequired\":true,\"valueName\":\"search_term_string\"}}],\"inLanguage\":\"en-GB\"},{\"@type\":\"Organization\",\"@id\":\"https:\\\/\\\/www.axid-system.com\\\/#organization\",\"name\":\"AXID\",\"url\":\"https:\\\/\\\/www.axid-system.com\\\/\",\"logo\":{\"@type\":\"ImageObject\",\"inLanguage\":\"en-GB\",\"@id\":\"https:\\\/\\\/www.axid-system.com\\\/#\\\/schema\\\/logo\\\/image\\\/\",\"url\":\"https:\\\/\\\/www.axid-system.com\\\/wp-content\\\/uploads\\\/2025\\\/08\\\/cropped-Logo_Axid.webp\",\"contentUrl\":\"https:\\\/\\\/www.axid-system.com\\\/wp-content\\\/uploads\\\/2025\\\/08\\\/cropped-Logo_Axid.webp\",\"width\":279,\"height\":99,\"caption\":\"AXID\"},\"image\":{\"@id\":\"https:\\\/\\\/www.axid-system.com\\\/#\\\/schema\\\/logo\\\/image\\\/\"},\"sameAs\":[\"https:\\\/\\\/fr.linkedin.com\\\/company\\\/axid\"]}]}<\/script>\n<!-- \/ Yoast SEO plugin. -->","yoast_head_json":{"title":"Brevets - AXID | Innovations en \u00e9lectronique de puissance","description":"Brevets AXID : un gage d\u2019innovation et de savoir-faire en \u00e9lectronique de puissance. Nos technologies brevet\u00e9es assurent efficacit\u00e9 et fiabilit\u00e9.","robots":{"index":"index","follow":"follow","max-snippet":"max-snippet:-1","max-image-preview":"max-image-preview:large","max-video-preview":"max-video-preview:-1"},"canonical":"https:\/\/www.axid-system.com\/en\/brevets\/","og_locale":"en_GB","og_type":"article","og_title":"Brevets - AXID | Innovations en \u00e9lectronique de puissance","og_description":"Brevets AXID : un gage d\u2019innovation et de savoir-faire en \u00e9lectronique de puissance. Nos technologies brevet\u00e9es assurent efficacit\u00e9 et fiabilit\u00e9.","og_url":"https:\/\/www.axid-system.com\/en\/brevets\/","og_site_name":"AXID","article_modified_time":"2025-08-27T12:52:35+00:00","twitter_card":"summary_large_image","twitter_misc":{"Estimated reading time":"4 minutes"},"schema":{"@context":"https:\/\/schema.org","@graph":[{"@type":"WebPage","@id":"https:\/\/www.axid-system.com\/brevets\/","url":"https:\/\/www.axid-system.com\/brevets\/","name":"Brevets - AXID | Innovations en \u00e9lectronique de puissance","isPartOf":{"@id":"https:\/\/www.axid-system.com\/#website"},"datePublished":"2025-08-19T14:33:53+00:00","dateModified":"2025-08-27T12:52:35+00:00","description":"Brevets AXID : un gage d\u2019innovation et de savoir-faire en \u00e9lectronique de puissance. Nos technologies brevet\u00e9es assurent efficacit\u00e9 et fiabilit\u00e9.","breadcrumb":{"@id":"https:\/\/www.axid-system.com\/brevets\/#breadcrumb"},"inLanguage":"en-GB","potentialAction":[{"@type":"ReadAction","target":["https:\/\/www.axid-system.com\/brevets\/"]}]},{"@type":"BreadcrumbList","@id":"https:\/\/www.axid-system.com\/brevets\/#breadcrumb","itemListElement":[{"@type":"ListItem","position":1,"name":"Accueil","item":"https:\/\/www.axid-system.com\/"},{"@type":"ListItem","position":2,"name":"Brevets"}]},{"@type":"WebSite","@id":"https:\/\/www.axid-system.com\/#website","url":"https:\/\/www.axid-system.com\/","name":"AXID","description":"AXID, bureau d\u2019\u00e9tudes en \u00e9lectronique de puissance, d\u00e9veloppe des convertisseurs sur mesure, \u00e0 haut rendement et forte compacit\u00e9, pour l\u2019a\u00e9ronautique, l\u2019automobile et l\u2019\u00e9nergie.","publisher":{"@id":"https:\/\/www.axid-system.com\/#organization"},"potentialAction":[{"@type":"SearchAction","target":{"@type":"EntryPoint","urlTemplate":"https:\/\/www.axid-system.com\/?s={search_term_string}"},"query-input":{"@type":"PropertyValueSpecification","valueRequired":true,"valueName":"search_term_string"}}],"inLanguage":"en-GB"},{"@type":"Organization","@id":"https:\/\/www.axid-system.com\/#organization","name":"AXID","url":"https:\/\/www.axid-system.com\/","logo":{"@type":"ImageObject","inLanguage":"en-GB","@id":"https:\/\/www.axid-system.com\/#\/schema\/logo\/image\/","url":"https:\/\/www.axid-system.com\/wp-content\/uploads\/2025\/08\/cropped-Logo_Axid.webp","contentUrl":"https:\/\/www.axid-system.com\/wp-content\/uploads\/2025\/08\/cropped-Logo_Axid.webp","width":279,"height":99,"caption":"AXID"},"image":{"@id":"https:\/\/www.axid-system.com\/#\/schema\/logo\/image\/"},"sameAs":["https:\/\/fr.linkedin.com\/company\/axid"]}]}},"_links":{"self":[{"href":"https:\/\/www.axid-system.com\/en\/wp-json\/wp\/v2\/pages\/1758","targetHints":{"allow":["GET"]}}],"collection":[{"href":"https:\/\/www.axid-system.com\/en\/wp-json\/wp\/v2\/pages"}],"about":[{"href":"https:\/\/www.axid-system.com\/en\/wp-json\/wp\/v2\/types\/page"}],"author":[{"embeddable":true,"href":"https:\/\/www.axid-system.com\/en\/wp-json\/wp\/v2\/users\/1"}],"replies":[{"embeddable":true,"href":"https:\/\/www.axid-system.com\/en\/wp-json\/wp\/v2\/comments?post=1758"}],"version-history":[{"count":83,"href":"https:\/\/www.axid-system.com\/en\/wp-json\/wp\/v2\/pages\/1758\/revisions"}],"predecessor-version":[{"id":3042,"href":"https:\/\/www.axid-system.com\/en\/wp-json\/wp\/v2\/pages\/1758\/revisions\/3042"}],"wp:attachment":[{"href":"https:\/\/www.axid-system.com\/en\/wp-json\/wp\/v2\/media?parent=1758"}],"curies":[{"name":"wp","href":"https:\/\/api.w.org\/{rel}","templated":true}]}}